{"id":2433692,"date":"2025-08-10T04:01:24","date_gmt":"2025-08-10T02:01:24","guid":{"rendered":"https:\/\/streetmarkets.fr\/app\/produit\/hayya\/"},"modified":"2026-04-25T03:50:54","modified_gmt":"2026-04-25T01:50:54","slug":"hayya","status":"publish","type":"product","link":"https:\/\/streetmarkets.fr\/app\/produit\/hayya\/","title":{"rendered":"Hayya"},"content":{"rendered":"<p>Hayya poss\u00e8de des qualit\u00e9s serpentines, \u00e0 la fois per\u00e7antes et d\u00e9licates, inspir\u00e9es du mot arabe signifiant serpent. Cette monture est con\u00e7ue pour un regard concentr\u00e9, sa g\u00e9om\u00e9trie raffin\u00e9e \u00e9tant \u00e9quilibr\u00e9e par un front relev\u00e9, un nez d\u00e9fini et un bord inf\u00e9rieur aplati. Hayya pr\u00e9sente une monture \u0153il de chat et est disponible en quatre ac\u00e9tates distincts et trois couleurs de verres.<\/p>\n<p>Verres couleur Noir<\/p>\n<p>Couleur fournisseur : Black acetate<\/p>\n<p>Lentille : 55 mm. Pont : 21mm. Branche : 137 mm.<\/p>\n<p>PT-5901<\/p>\n<p>\u00a0<\/p>\n","protected":false},"excerpt":{"rendered":"<p>Hayya poss\u00e8de des qualit\u00e9s serpentines, \u00e0 la fois per\u00e7antes et d\u00e9licates, inspir\u00e9es du mot arabe signifiant serpent. Cette monture est con\u00e7ue pour un regard concentr\u00e9, sa g\u00e9om\u00e9trie raffin\u00e9e \u00e9tant \u00e9quilibr\u00e9e par un front relev\u00e9, un nez d\u00e9fini et un bord inf\u00e9rieur aplati. Hayya pr\u00e9sente une monture \u0153il de chat et est disponible en quatre ac\u00e9tates [&hellip;]<\/p>\n","protected":false},"featured_media":2433693,"comment_status":"open","ping_status":"closed","template":"","meta":[],"product_brand":[],"product_cat":[1756,1764,1760],"product_tag":[2244],"acf":[],"_links":{"self":[{"href":"https:\/\/streetmarkets.fr\/app\/wp-json\/wp\/v2\/product\/2433692"}],"collection":[{"href":"https:\/\/streetmarkets.fr\/app\/wp-json\/wp\/v2\/product"}],"about":[{"href":"https:\/\/streetmarkets.fr\/app\/wp-json\/wp\/v2\/types\/product"}],"replies":[{"embeddable":true,"href":"https:\/\/streetmarkets.fr\/app\/wp-json\/wp\/v2\/comments?post=2433692"}],"wp:featuredmedia":[{"embeddable":true,"href":"https:\/\/streetmarkets.fr\/app\/wp-json\/wp\/v2\/media\/2433693"}],"wp:attachment":[{"href":"https:\/\/streetmarkets.fr\/app\/wp-json\/wp\/v2\/media?parent=2433692"}],"wp:term":[{"taxonomy":"product_brand","embeddable":true,"href":"https:\/\/streetmarkets.fr\/app\/wp-json\/wp\/v2\/product_brand?post=2433692"},{"taxonomy":"product_cat","embeddable":true,"href":"https:\/\/streetmarkets.fr\/app\/wp-json\/wp\/v2\/product_cat?post=2433692"},{"taxonomy":"product_tag","embeddable":true,"href":"https:\/\/streetmarkets.fr\/app\/wp-json\/wp\/v2\/product_tag?post=2433692"}],"curies":[{"name":"wp","href":"https:\/\/api.w.org\/{rel}","templated":true}]}}