{"id":2433680,"date":"2025-08-10T04:01:23","date_gmt":"2025-08-10T02:01:23","guid":{"rendered":"https:\/\/streetmarkets.fr\/app\/produit\/mektoub-3\/"},"modified":"2026-05-02T03:50:43","modified_gmt":"2026-05-02T01:50:43","slug":"mektoub-3","status":"publish","type":"product","link":"https:\/\/streetmarkets.fr\/app\/produit\/mektoub-3\/","title":{"rendered":"Mektoub"},"content":{"rendered":"<p>Mektoub, un dicton philosophique que l&#8217;on entend souvent r\u00e9sonner dans la bouche des m\u00e8res au Moyen-Orient, signifiant \u00ab C&#8217;est \u00e9crit \u00bb, nous rappelle que tout ce qui se produit sur nos chemins personnels, qu&#8217;il s&#8217;agisse d&#8217;adversit\u00e9 ou de faveur, se produit gr\u00e2ce aux conseils de la nature. Mektoub fait \u00e9cho \u00e0 l&#8217;abandon et \u00e0 la tranquillit\u00e9 d&#8217;esprit que l&#8217;on trouve dans le port de Tanger. Faisant partie de notre collection permanente Ihsan, les lunettes Mektoub ont \u00e9t\u00e9 retravaill\u00e9es et sont disponibles en quatre ac\u00e9tates distincts et quatre couleurs de verres.<\/p>\n<p>Verres couleur Tabac\u00a0<\/p>\n<p>Couleur fournisseur : Alkakaw Acetate<\/p>\n<p>Lentille : 55 mm. Pont : 20mm. Branche : 137mm.<\/p>\n<p>PT-5502<\/p>\n","protected":false},"excerpt":{"rendered":"<p>Mektoub, un dicton philosophique que l&#8217;on entend souvent r\u00e9sonner dans la bouche des m\u00e8res au Moyen-Orient, signifiant \u00ab C&#8217;est \u00e9crit \u00bb, nous rappelle que tout ce qui se produit sur nos chemins personnels, qu&#8217;il s&#8217;agisse d&#8217;adversit\u00e9 ou de faveur, se produit gr\u00e2ce aux conseils de la nature. Mektoub fait \u00e9cho \u00e0 l&#8217;abandon et \u00e0 la [&hellip;]<\/p>\n","protected":false},"featured_media":2433681,"comment_status":"open","ping_status":"closed","template":"","meta":[],"product_brand":[],"product_cat":[1756,1764,1760],"product_tag":[2244],"acf":[],"_links":{"self":[{"href":"https:\/\/streetmarkets.fr\/app\/wp-json\/wp\/v2\/product\/2433680"}],"collection":[{"href":"https:\/\/streetmarkets.fr\/app\/wp-json\/wp\/v2\/product"}],"about":[{"href":"https:\/\/streetmarkets.fr\/app\/wp-json\/wp\/v2\/types\/product"}],"replies":[{"embeddable":true,"href":"https:\/\/streetmarkets.fr\/app\/wp-json\/wp\/v2\/comments?post=2433680"}],"wp:featuredmedia":[{"embeddable":true,"href":"https:\/\/streetmarkets.fr\/app\/wp-json\/wp\/v2\/media\/2433681"}],"wp:attachment":[{"href":"https:\/\/streetmarkets.fr\/app\/wp-json\/wp\/v2\/media?parent=2433680"}],"wp:term":[{"taxonomy":"product_brand","embeddable":true,"href":"https:\/\/streetmarkets.fr\/app\/wp-json\/wp\/v2\/product_brand?post=2433680"},{"taxonomy":"product_cat","embeddable":true,"href":"https:\/\/streetmarkets.fr\/app\/wp-json\/wp\/v2\/product_cat?post=2433680"},{"taxonomy":"product_tag","embeddable":true,"href":"https:\/\/streetmarkets.fr\/app\/wp-json\/wp\/v2\/product_tag?post=2433680"}],"curies":[{"name":"wp","href":"https:\/\/api.w.org\/{rel}","templated":true}]}}