{"id":2433668,"date":"2025-08-10T04:01:23","date_gmt":"2025-08-10T02:01:23","guid":{"rendered":"https:\/\/streetmarkets.fr\/app\/produit\/small-transparent-speaker-2\/"},"modified":"2026-05-09T03:50:48","modified_gmt":"2026-05-09T01:50:48","slug":"small-transparent-speaker-2","status":"publish","type":"product","link":"https:\/\/streetmarkets.fr\/app\/produit\/small-transparent-speaker-2\/","title":{"rendered":"Small Transparent Speaker"},"content":{"rendered":"<p>Le Small Transparent Speaker est un appareil compact mais puissant qui offre une qualit\u00e9 sonore exceptionnelle gr\u00e2ce \u00e0 sa technologie unique. Ce haut-parleur \u00e9l\u00e9gant, fabriqu\u00e9 en verre tremp\u00e9 et en aluminium, est le compl\u00e9ment id\u00e9al de la collection de tout amateur de musique. Il est con\u00e7u pour \u00eatre \u00e0 la fois un objet de d\u00e9coration d&#8217;int\u00e9rieur et une pi\u00e8ce de technologie au son exceptionnel. Il est \u00e9quip\u00e9 de la technologie Bluetooth 5.0, mais\u00a0 est \u00e9galement pr\u00eat pour toutes les technologies qui pourraient s&#8217;av\u00e9rer utiles dans les ann\u00e9es \u00e0 venir.<\/p>\n<p><span>&#8211; Dimensions (mm): 268 \u00d7 203 \u00d7 95<\/span><br \/><span>&#8211; Poids: 3,3 kg<\/span><br \/><span>&#8211; Mat\u00e9riaux: Aluminium et Verre Tremp\u00e9<\/span><\/p>\n","protected":false},"excerpt":{"rendered":"<p>Le Small Transparent Speaker est un appareil compact mais puissant qui offre une qualit\u00e9 sonore exceptionnelle gr\u00e2ce \u00e0 sa technologie unique. Ce haut-parleur \u00e9l\u00e9gant, fabriqu\u00e9 en verre tremp\u00e9 et en aluminium, est le compl\u00e9ment id\u00e9al de la collection de tout amateur de musique. Il est con\u00e7u pour \u00eatre \u00e0 la fois un objet de d\u00e9coration [&hellip;]<\/p>\n","protected":false},"featured_media":2433669,"comment_status":"open","ping_status":"closed","template":"","meta":[],"product_brand":[],"product_cat":[1756,1764,1760],"product_tag":[2244],"acf":[],"_links":{"self":[{"href":"https:\/\/streetmarkets.fr\/app\/wp-json\/wp\/v2\/product\/2433668"}],"collection":[{"href":"https:\/\/streetmarkets.fr\/app\/wp-json\/wp\/v2\/product"}],"about":[{"href":"https:\/\/streetmarkets.fr\/app\/wp-json\/wp\/v2\/types\/product"}],"replies":[{"embeddable":true,"href":"https:\/\/streetmarkets.fr\/app\/wp-json\/wp\/v2\/comments?post=2433668"}],"wp:featuredmedia":[{"embeddable":true,"href":"https:\/\/streetmarkets.fr\/app\/wp-json\/wp\/v2\/media\/2433669"}],"wp:attachment":[{"href":"https:\/\/streetmarkets.fr\/app\/wp-json\/wp\/v2\/media?parent=2433668"}],"wp:term":[{"taxonomy":"product_brand","embeddable":true,"href":"https:\/\/streetmarkets.fr\/app\/wp-json\/wp\/v2\/product_brand?post=2433668"},{"taxonomy":"product_cat","embeddable":true,"href":"https:\/\/streetmarkets.fr\/app\/wp-json\/wp\/v2\/product_cat?post=2433668"},{"taxonomy":"product_tag","embeddable":true,"href":"https:\/\/streetmarkets.fr\/app\/wp-json\/wp\/v2\/product_tag?post=2433668"}],"curies":[{"name":"wp","href":"https:\/\/api.w.org\/{rel}","templated":true}]}}