{"id":2427220,"date":"2025-08-09T02:06:58","date_gmt":"2025-08-09T00:06:58","guid":{"rendered":"https:\/\/streetmarkets.fr\/app\/produit\/nouveau-pomandere-pantalon-en-laine-bleu-marine\/"},"modified":"2026-03-18T01:02:45","modified_gmt":"2026-03-18T00:02:45","slug":"nouveau-pomandere-pantalon-en-laine-bleu-marine","status":"publish","type":"product","link":"https:\/\/streetmarkets.fr\/app\/produit\/nouveau-pomandere-pantalon-en-laine-bleu-marine\/","title":{"rendered":"POMAND\u00c8RE Pantalon en Laine Bleu Marine"},"content":{"rendered":"<p data-rte-preserve-empty=\"true\">Pantalon souple en laine taille haute, jambe droite, deux poches lat\u00e9rales et deux poches \u00e0 rabats dans le dos, fermeture classique zip et boutons, chaud et \u00e9l\u00e9gant. <\/p>\n<p data-rte-preserve-empty=\"true\">D\u00e9tail : 34% polyestere, 33%viscose, 32% laine, 14% elasthanne<\/p>\n","protected":false},"excerpt":{"rendered":"<p>Pantalon souple en laine taille haute, jambe droite, deux poches lat\u00e9rales et deux poches \u00e0 rabats dans le dos, fermeture classique zip et boutons, chaud et \u00e9l\u00e9gant. D\u00e9tail : 34% polyestere, 33%viscose, 32% laine, 14% elasthanne<\/p>\n","protected":false},"featured_media":2427221,"comment_status":"open","ping_status":"closed","template":"","meta":[],"product_brand":[],"product_cat":[1756,1762],"product_tag":[2244],"acf":[],"_links":{"self":[{"href":"https:\/\/streetmarkets.fr\/app\/wp-json\/wp\/v2\/product\/2427220"}],"collection":[{"href":"https:\/\/streetmarkets.fr\/app\/wp-json\/wp\/v2\/product"}],"about":[{"href":"https:\/\/streetmarkets.fr\/app\/wp-json\/wp\/v2\/types\/product"}],"replies":[{"embeddable":true,"href":"https:\/\/streetmarkets.fr\/app\/wp-json\/wp\/v2\/comments?post=2427220"}],"wp:featuredmedia":[{"embeddable":true,"href":"https:\/\/streetmarkets.fr\/app\/wp-json\/wp\/v2\/media\/2427221"}],"wp:attachment":[{"href":"https:\/\/streetmarkets.fr\/app\/wp-json\/wp\/v2\/media?parent=2427220"}],"wp:term":[{"taxonomy":"product_brand","embeddable":true,"href":"https:\/\/streetmarkets.fr\/app\/wp-json\/wp\/v2\/product_brand?post=2427220"},{"taxonomy":"product_cat","embeddable":true,"href":"https:\/\/streetmarkets.fr\/app\/wp-json\/wp\/v2\/product_cat?post=2427220"},{"taxonomy":"product_tag","embeddable":true,"href":"https:\/\/streetmarkets.fr\/app\/wp-json\/wp\/v2\/product_tag?post=2427220"}],"curies":[{"name":"wp","href":"https:\/\/api.w.org\/{rel}","templated":true}]}}