{"id":2427202,"date":"2025-08-09T02:06:55","date_gmt":"2025-08-09T00:06:55","guid":{"rendered":"https:\/\/streetmarkets.fr\/app\/produit\/nouveau-pomandere-veste-boutonnee-en-laine-bleu-marine\/"},"modified":"2026-03-18T01:02:44","modified_gmt":"2026-03-18T00:02:44","slug":"nouveau-pomandere-veste-boutonnee-en-laine-bleu-marine","status":"publish","type":"product","link":"https:\/\/streetmarkets.fr\/app\/produit\/nouveau-pomandere-veste-boutonnee-en-laine-bleu-marine\/","title":{"rendered":"POMAND\u00c8RE Veste Boutonn\u00e9e en Laine Bleu Marine -50%"},"content":{"rendered":"<p data-rte-preserve-empty=\"true\">Veste caban coupe ample, boutonnage crois\u00e9, col montant boutonn\u00e9, manches longues, emmanchure large, douce et chaude. <\/p>\n<p data-rte-preserve-empty=\"true\">D\u00e9tail : 40% laine vierge, 40% coton, 14% polyesthere, 6% autres fibres<\/p>\n","protected":false},"excerpt":{"rendered":"<p>Veste caban coupe ample, boutonnage crois\u00e9, col montant boutonn\u00e9, manches longues, emmanchure large, douce et chaude. D\u00e9tail : 40% laine vierge, 40% coton, 14% polyesthere, 6% autres fibres<\/p>\n","protected":false},"featured_media":2427203,"comment_status":"open","ping_status":"closed","template":"","meta":[],"product_brand":[],"product_cat":[1756,1762],"product_tag":[2244],"acf":[],"_links":{"self":[{"href":"https:\/\/streetmarkets.fr\/app\/wp-json\/wp\/v2\/product\/2427202"}],"collection":[{"href":"https:\/\/streetmarkets.fr\/app\/wp-json\/wp\/v2\/product"}],"about":[{"href":"https:\/\/streetmarkets.fr\/app\/wp-json\/wp\/v2\/types\/product"}],"replies":[{"embeddable":true,"href":"https:\/\/streetmarkets.fr\/app\/wp-json\/wp\/v2\/comments?post=2427202"}],"wp:featuredmedia":[{"embeddable":true,"href":"https:\/\/streetmarkets.fr\/app\/wp-json\/wp\/v2\/media\/2427203"}],"wp:attachment":[{"href":"https:\/\/streetmarkets.fr\/app\/wp-json\/wp\/v2\/media?parent=2427202"}],"wp:term":[{"taxonomy":"product_brand","embeddable":true,"href":"https:\/\/streetmarkets.fr\/app\/wp-json\/wp\/v2\/product_brand?post=2427202"},{"taxonomy":"product_cat","embeddable":true,"href":"https:\/\/streetmarkets.fr\/app\/wp-json\/wp\/v2\/product_cat?post=2427202"},{"taxonomy":"product_tag","embeddable":true,"href":"https:\/\/streetmarkets.fr\/app\/wp-json\/wp\/v2\/product_tag?post=2427202"}],"curies":[{"name":"wp","href":"https:\/\/api.w.org\/{rel}","templated":true}]}}