{"id":2427113,"date":"2025-08-09T02:02:47","date_gmt":"2025-08-09T00:02:47","guid":{"rendered":"https:\/\/streetmarkets.fr\/app\/produit\/t-shirt-mini-to-the-sea-brode-coton-bio-bask-in-the-sun\/"},"modified":"2026-05-09T02:02:20","modified_gmt":"2026-05-09T00:02:20","slug":"t-shirt-mini-to-the-sea-brode-coton-bio-bask-in-the-sun","status":"publish","type":"product","link":"https:\/\/streetmarkets.fr\/app\/produit\/t-shirt-mini-to-the-sea-brode-coton-bio-bask-in-the-sun\/","title":{"rendered":"T-shirt Mini To The Sea Brod\u00e9 Coton Bio &#8211; Bask in the Sun"},"content":{"rendered":"<h2>T-shirt Mini To The Sea Brod\u00e9 Coton Bio &#8211; Bask in the Sun<\/h2>\n<p><img decoding=\"async\" src=\"https:\/\/cdn.shopify.com\/s\/files\/1\/0593\/7093\/0335\/files\/picto-logo-bask-in-the-sun.jpg?v=1754490220\" alt=\"\"><img decoding=\"async\" alt=\"\" src=\"https:\/\/cdn.shopify.com\/s\/files\/1\/0593\/7093\/0335\/files\/Picto_Mode_Textile_480x480.jpg?v=1677763747\"><img decoding=\"async\" src=\"https:\/\/cdn.shopify.com\/s\/files\/1\/0593\/7093\/0335\/files\/picto-produit-en-europe-made-in-europe-1.jpg?v=1754490099\" alt=\"\"><img decoding=\"async\" src=\"https:\/\/cdn.shopify.com\/s\/files\/1\/0593\/7093\/0335\/files\/Picto_Bio_480x480.jpg?v=1677763747\" alt=\"\"><\/p>\n<p data-start=\"220\" data-end=\"561\">Une broderie subtile, une coupe impeccable et un coton 100 % biologique certifi\u00e9 : le t-shirt Mini To The Sea incarne \u00e0 merveille l\u2019univers marin et artistique de Bask in the Sun. Ce mod\u00e8le met \u00e0 l\u2019honneur l\u2019illustratrice chilienne Daniela Garreton avec une broderie originale, minimaliste et pleine de caract\u00e8re.<\/p>\n<p data-start=\"563\" data-end=\"990\"><strong data-start=\"563\" data-end=\"587\">\u2728 Pourquoi l\u2019adopter<\/strong><br data-start=\"587\" data-end=\"590\">\ud83e\uddf5 Broderie exclusive : une cr\u00e9ation bicolore de l\u2019artiste Daniela Garreton<br data-start=\"665\" data-end=\"668\">\ud83c\udf3f Coton 100 % bio : doux, respirant, certifi\u00e9 GOTS<br data-start=\"719\" data-end=\"722\">\ud83c\uddf5\ud83c\uddf9 Fabrication responsable : confection au Portugal en circuit court<br data-start=\"792\" data-end=\"795\">\ud83c\udf0a Inspiration oc\u00e9anique : motif barbu iconique de la marque<br data-start=\"855\" data-end=\"858\">\ud83e\uddfc Teinture saine : certifi\u00e9e Oeko-Tex, sans substances nocives<br data-start=\"921\" data-end=\"924\">\ud83d\udc55 Coupe classique : confortable et fid\u00e8le aux tailles europ\u00e9ennes<\/p>\n<p data-start=\"992\" data-end=\"1198\"><strong data-start=\"992\" data-end=\"1010\">\ud83e\udd7e Id\u00e9al pour\u2026<\/strong><br data-start=\"1010\" data-end=\"1013\">Un look d\u00e9contract\u00e9 et affirm\u00e9, entre bord de mer, ville et galerie d\u2019art. Ce t-shirt s\u2019associe facilement \u00e0 un jean brut ou un short clair pour un style \u00e0 la fois minimal et expressif.<\/p>\n<p data-start=\"1200\" data-end=\"1343\"><strong data-start=\"1200\" data-end=\"1216\">\ud83e\uddfc Entretien<\/strong><br data-start=\"1216\" data-end=\"1219\">Laver \u00e0 30\u00b0C, s\u00e9cher \u00e0 l\u2019air libre. Repassage doux autoris\u00e9. \u00c9viter le s\u00e8che-linge pour pr\u00e9server la broderie et la mati\u00e8re.<\/p>\n<h3>BASK IN THE SUN<\/h3>\n<p>N\u00e9e au Pays basque en 2013, la marque fran\u00e7aise Bask in the Sun propose un vestiaire masculin aux lignes \u00e9pur\u00e9es, inspir\u00e9 par l\u2019oc\u00e9an et l\u2019h\u00e9ritage marin. Chaque pi\u00e8ce est con\u00e7ue \u00e0 Gu\u00e9thary puis fabriqu\u00e9e \u00e0 800 km de l\u00e0, dans des ateliers familiaux du nord du Portugal, pour garantir qualit\u00e9, \u00e9thique et circuit court.<br data-start=\"656\" data-end=\"659\">Bask in the Sun privil\u00e9gie les mati\u00e8res biologiques ou naturelles (coton bio GOTS\u00ae, lin, Tencel\u2122) et les fibres recycl\u00e9es. Les teintures sont certifi\u00e9es Oeko-Tex\u00ae et les ateliers respectent des normes sociales strictes.<br data-start=\"878\" data-end=\"881\">\u00c0 contre-courant de la fast fashion, la marque dessine des v\u00eatements durables, sobres et engag\u00e9s, parfois enrichis de collaborations artistiques exclusives. Un style iod\u00e9, responsable et contemporain.<\/p>\n<h3>INFORMATIONS<\/h3>\n<p>Composition : 100 % coton biologique certifi\u00e9 GOTS\u00ae<br data-start=\"2269\" data-end=\"2272\">Teinture : non toxique certifi\u00e9e Oeko-Tex\u00ae<br data-start=\"2314\" data-end=\"2317\">Coupe : classique avec col rond<br data-start=\"2348\" data-end=\"2351\">Motif : broderie poitrine bicolore dessin\u00e9e par Daniela Garreton<br data-start=\"2415\" data-end=\"2418\">Fabrication : au Portugal, dans des ateliers familiaux<br data-start=\"2472\" data-end=\"2475\">Taille : coupe europ\u00e9enne, prenez votre taille habituelle<br data-start=\"2532\" data-end=\"2535\">R\u00e9f\u00e9rence : MINI TO THE SEA<\/p>\n","protected":false},"excerpt":{"rendered":"<p>T-shirt Mini To The Sea Brod\u00e9 Coton Bio &#8211; Bask in the Sun Une broderie subtile, une coupe impeccable et un coton 100 % biologique certifi\u00e9 : le t-shirt Mini To The Sea incarne \u00e0 merveille l\u2019univers marin et artistique de Bask in the Sun. Ce mod\u00e8le met \u00e0 l\u2019honneur l\u2019illustratrice chilienne Daniela Garreton avec [&hellip;]<\/p>\n","protected":false},"featured_media":2427114,"comment_status":"open","ping_status":"closed","template":"","meta":[],"product_brand":[],"product_cat":[1756,1758],"product_tag":[1810],"acf":[],"_links":{"self":[{"href":"https:\/\/streetmarkets.fr\/app\/wp-json\/wp\/v2\/product\/2427113"}],"collection":[{"href":"https:\/\/streetmarkets.fr\/app\/wp-json\/wp\/v2\/product"}],"about":[{"href":"https:\/\/streetmarkets.fr\/app\/wp-json\/wp\/v2\/types\/product"}],"replies":[{"embeddable":true,"href":"https:\/\/streetmarkets.fr\/app\/wp-json\/wp\/v2\/comments?post=2427113"}],"wp:featuredmedia":[{"embeddable":true,"href":"https:\/\/streetmarkets.fr\/app\/wp-json\/wp\/v2\/media\/2427114"}],"wp:attachment":[{"href":"https:\/\/streetmarkets.fr\/app\/wp-json\/wp\/v2\/media?parent=2427113"}],"wp:term":[{"taxonomy":"product_brand","embeddable":true,"href":"https:\/\/streetmarkets.fr\/app\/wp-json\/wp\/v2\/product_brand?post=2427113"},{"taxonomy":"product_cat","embeddable":true,"href":"https:\/\/streetmarkets.fr\/app\/wp-json\/wp\/v2\/product_cat?post=2427113"},{"taxonomy":"product_tag","embeddable":true,"href":"https:\/\/streetmarkets.fr\/app\/wp-json\/wp\/v2\/product_tag?post=2427113"}],"curies":[{"name":"wp","href":"https:\/\/api.w.org\/{rel}","templated":true}]}}