{"id":2425274,"date":"2025-08-08T07:37:46","date_gmt":"2025-08-08T05:37:46","guid":{"rendered":"https:\/\/streetmarkets.fr\/app\/produit\/pull-col-rond-cachemire-femme-madluv-bam\/"},"modified":"2026-05-13T07:37:58","modified_gmt":"2026-05-13T05:37:58","slug":"pull-col-rond-cachemire-femme-madluv-bam","status":"publish","type":"product","link":"https:\/\/streetmarkets.fr\/app\/produit\/pull-col-rond-cachemire-femme-madluv-bam\/","title":{"rendered":"Pull col rond cachemire femme &#8211; MADLUV &#8211; BAM"},"content":{"rendered":"<p>BAM :Pull col rond, manches longues, coupe oversize pour une taille unique, fendu sur les c\u00f4t\u00e9s. Motif BAM r\u00e9alis\u00e9 en intarsia.100% cachemire &#8211; Taille Unique &#8211; Coloris : Beige &#8211; Existe aussi en Blanc, en Noir, en Gris, en Bleu.La livraison est offerte pour la France M\u00e9tropolitaine !<\/p>\n","protected":false},"excerpt":{"rendered":"<p>BAM :Pull col rond, manches longues, coupe oversize pour une taille unique, fendu sur les c\u00f4t\u00e9s. Motif BAM r\u00e9alis\u00e9 en intarsia.100% cachemire &#8211; Taille Unique &#8211; Coloris : Beige &#8211; Existe aussi en Blanc, en Noir, en Gris, en Bleu.La livraison est offerte pour la France M\u00e9tropolitaine !<\/p>\n","protected":false},"featured_media":2425275,"comment_status":"open","ping_status":"closed","template":"","meta":[],"product_brand":[],"product_cat":[1756,1762],"product_tag":[2244],"acf":[],"_links":{"self":[{"href":"https:\/\/streetmarkets.fr\/app\/wp-json\/wp\/v2\/product\/2425274"}],"collection":[{"href":"https:\/\/streetmarkets.fr\/app\/wp-json\/wp\/v2\/product"}],"about":[{"href":"https:\/\/streetmarkets.fr\/app\/wp-json\/wp\/v2\/types\/product"}],"replies":[{"embeddable":true,"href":"https:\/\/streetmarkets.fr\/app\/wp-json\/wp\/v2\/comments?post=2425274"}],"wp:featuredmedia":[{"embeddable":true,"href":"https:\/\/streetmarkets.fr\/app\/wp-json\/wp\/v2\/media\/2425275"}],"wp:attachment":[{"href":"https:\/\/streetmarkets.fr\/app\/wp-json\/wp\/v2\/media?parent=2425274"}],"wp:term":[{"taxonomy":"product_brand","embeddable":true,"href":"https:\/\/streetmarkets.fr\/app\/wp-json\/wp\/v2\/product_brand?post=2425274"},{"taxonomy":"product_cat","embeddable":true,"href":"https:\/\/streetmarkets.fr\/app\/wp-json\/wp\/v2\/product_cat?post=2425274"},{"taxonomy":"product_tag","embeddable":true,"href":"https:\/\/streetmarkets.fr\/app\/wp-json\/wp\/v2\/product_tag?post=2425274"}],"curies":[{"name":"wp","href":"https:\/\/api.w.org\/{rel}","templated":true}]}}