{"id":2425266,"date":"2025-08-08T07:37:45","date_gmt":"2025-08-08T05:37:45","guid":{"rendered":"https:\/\/streetmarkets.fr\/app\/produit\/bam-pull-cachemire-femme-madluv\/"},"modified":"2026-05-11T07:37:45","modified_gmt":"2026-05-11T05:37:45","slug":"bam-pull-cachemire-femme-madluv","status":"publish","type":"product","link":"https:\/\/streetmarkets.fr\/app\/produit\/bam-pull-cachemire-femme-madluv\/","title":{"rendered":"BAM &#8211; Pull 100% Cachemire &#8211; Madluv"},"content":{"rendered":"<p>BAM :Pull col rond, manches longues, coupe oversize pour une taille unique, fendu sur les c\u00f4t\u00e9s. Motif BAM r\u00e9alis\u00e9 en intarsia. 100% cachemire.100% cachemire &#8211; Taille Unique &#8211; Coloris : Gris &#8211; Existe aussi en Beige, en Blanc, en Noir, en Bleu.La livraison est offerte pour la France M\u00e9tropolitaine !<\/p>\n","protected":false},"excerpt":{"rendered":"<p>BAM :Pull col rond, manches longues, coupe oversize pour une taille unique, fendu sur les c\u00f4t\u00e9s. Motif BAM r\u00e9alis\u00e9 en intarsia. 100% cachemire.100% cachemire &#8211; Taille Unique &#8211; Coloris : Gris &#8211; Existe aussi en Beige, en Blanc, en Noir, en Bleu.La livraison est offerte pour la France M\u00e9tropolitaine !<\/p>\n","protected":false},"featured_media":2425267,"comment_status":"open","ping_status":"closed","template":"","meta":[],"product_brand":[],"product_cat":[1756,1762],"product_tag":[2244],"acf":[],"_links":{"self":[{"href":"https:\/\/streetmarkets.fr\/app\/wp-json\/wp\/v2\/product\/2425266"}],"collection":[{"href":"https:\/\/streetmarkets.fr\/app\/wp-json\/wp\/v2\/product"}],"about":[{"href":"https:\/\/streetmarkets.fr\/app\/wp-json\/wp\/v2\/types\/product"}],"replies":[{"embeddable":true,"href":"https:\/\/streetmarkets.fr\/app\/wp-json\/wp\/v2\/comments?post=2425266"}],"wp:featuredmedia":[{"embeddable":true,"href":"https:\/\/streetmarkets.fr\/app\/wp-json\/wp\/v2\/media\/2425267"}],"wp:attachment":[{"href":"https:\/\/streetmarkets.fr\/app\/wp-json\/wp\/v2\/media?parent=2425266"}],"wp:term":[{"taxonomy":"product_brand","embeddable":true,"href":"https:\/\/streetmarkets.fr\/app\/wp-json\/wp\/v2\/product_brand?post=2425266"},{"taxonomy":"product_cat","embeddable":true,"href":"https:\/\/streetmarkets.fr\/app\/wp-json\/wp\/v2\/product_cat?post=2425266"},{"taxonomy":"product_tag","embeddable":true,"href":"https:\/\/streetmarkets.fr\/app\/wp-json\/wp\/v2\/product_tag?post=2425266"}],"curies":[{"name":"wp","href":"https:\/\/api.w.org\/{rel}","templated":true}]}}