{"id":2412818,"date":"2025-08-06T07:37:12","date_gmt":"2025-08-06T05:37:12","guid":{"rendered":"https:\/\/streetmarkets.fr\/app\/produit\/pull-cachemire-madluv-ziggy-2\/"},"modified":"2026-04-20T07:37:51","modified_gmt":"2026-04-20T05:37:51","slug":"pull-cachemire-madluv-ziggy-2","status":"publish","type":"product","link":"https:\/\/streetmarkets.fr\/app\/produit\/pull-cachemire-madluv-ziggy-2\/","title":{"rendered":"Pull Cachemire Laine Madluv Ziggy"},"content":{"rendered":"<p>ZIGGY :Pull col V aux\u00a0finitionseffet us\u00e9 Rock,manches raglans, avec unjoli \u00e9clair color\u00e9en intarsia qui court le long d&#8217;une manche. Le col, les manches et le bas du pull sont avec une finition effet us\u00e9 Rock.100% cachemire &#8211; 2 Tailles\u00a0SM et ML &#8211; Coloris : Gris &#8211; Existe aussi en Camel.La livraison est offerte pour la France M\u00e9tropolitaine !<\/p>\n","protected":false},"excerpt":{"rendered":"<p>ZIGGY :Pull col V aux\u00a0finitionseffet us\u00e9 Rock,manches raglans, avec unjoli \u00e9clair color\u00e9en intarsia qui court le long d&#8217;une manche. Le col, les manches et le bas du pull sont avec une finition effet us\u00e9 Rock.100% cachemire &#8211; 2 Tailles\u00a0SM et ML &#8211; Coloris : Gris &#8211; Existe aussi en Camel.La livraison est offerte pour la [&hellip;]<\/p>\n","protected":false},"featured_media":2412819,"comment_status":"open","ping_status":"closed","template":"","meta":[],"product_brand":[],"product_cat":[1756,1762],"product_tag":[2244],"acf":[],"_links":{"self":[{"href":"https:\/\/streetmarkets.fr\/app\/wp-json\/wp\/v2\/product\/2412818"}],"collection":[{"href":"https:\/\/streetmarkets.fr\/app\/wp-json\/wp\/v2\/product"}],"about":[{"href":"https:\/\/streetmarkets.fr\/app\/wp-json\/wp\/v2\/types\/product"}],"replies":[{"embeddable":true,"href":"https:\/\/streetmarkets.fr\/app\/wp-json\/wp\/v2\/comments?post=2412818"}],"wp:featuredmedia":[{"embeddable":true,"href":"https:\/\/streetmarkets.fr\/app\/wp-json\/wp\/v2\/media\/2412819"}],"wp:attachment":[{"href":"https:\/\/streetmarkets.fr\/app\/wp-json\/wp\/v2\/media?parent=2412818"}],"wp:term":[{"taxonomy":"product_brand","embeddable":true,"href":"https:\/\/streetmarkets.fr\/app\/wp-json\/wp\/v2\/product_brand?post=2412818"},{"taxonomy":"product_cat","embeddable":true,"href":"https:\/\/streetmarkets.fr\/app\/wp-json\/wp\/v2\/product_cat?post=2412818"},{"taxonomy":"product_tag","embeddable":true,"href":"https:\/\/streetmarkets.fr\/app\/wp-json\/wp\/v2\/product_tag?post=2412818"}],"curies":[{"name":"wp","href":"https:\/\/api.w.org\/{rel}","templated":true}]}}