{"id":2412808,"date":"2025-08-06T07:37:11","date_gmt":"2025-08-06T05:37:11","guid":{"rendered":"https:\/\/streetmarkets.fr\/app\/produit\/jacket-jess-cachemire-madluv\/"},"modified":"2026-05-06T07:37:37","modified_gmt":"2026-05-06T05:37:37","slug":"jacket-jess-cachemire-madluv","status":"publish","type":"product","link":"https:\/\/streetmarkets.fr\/app\/produit\/jacket-jess-cachemire-madluv\/","title":{"rendered":"Jacket JESS Cachemire MADLUV"},"content":{"rendered":"<p>JESS,\u00a0Jacket,2 fils cachemire, le blazer classique avec unimprim\u00e9 l\u00e9opard fauved&#8217;une sensualit\u00e9 discr\u00e8te. Son col structur\u00e9 et ses poches plaqu\u00e9es rappellent l&#8217;\u00e9l\u00e9gance britannique, tandis que le motif animalier y insuffle une touche de r\u00e9bellion raffin\u00e9e.100% cachemire- 2 Tailles\u00a0SM et ML &#8211; Imprim\u00e9 L\u00e9opard.La livraison est offerte pour la France M\u00e9tropolitaine !<\/p>\n","protected":false},"excerpt":{"rendered":"<p>JESS,\u00a0Jacket,2 fils cachemire, le blazer classique avec unimprim\u00e9 l\u00e9opard fauved&#8217;une sensualit\u00e9 discr\u00e8te. Son col structur\u00e9 et ses poches plaqu\u00e9es rappellent l&#8217;\u00e9l\u00e9gance britannique, tandis que le motif animalier y insuffle une touche de r\u00e9bellion raffin\u00e9e.100% cachemire- 2 Tailles\u00a0SM et ML &#8211; Imprim\u00e9 L\u00e9opard.La livraison est offerte pour la France M\u00e9tropolitaine !<\/p>\n","protected":false},"featured_media":2412809,"comment_status":"open","ping_status":"closed","template":"","meta":[],"product_brand":[],"product_cat":[1756,1762],"product_tag":[2244],"acf":[],"_links":{"self":[{"href":"https:\/\/streetmarkets.fr\/app\/wp-json\/wp\/v2\/product\/2412808"}],"collection":[{"href":"https:\/\/streetmarkets.fr\/app\/wp-json\/wp\/v2\/product"}],"about":[{"href":"https:\/\/streetmarkets.fr\/app\/wp-json\/wp\/v2\/types\/product"}],"replies":[{"embeddable":true,"href":"https:\/\/streetmarkets.fr\/app\/wp-json\/wp\/v2\/comments?post=2412808"}],"wp:featuredmedia":[{"embeddable":true,"href":"https:\/\/streetmarkets.fr\/app\/wp-json\/wp\/v2\/media\/2412809"}],"wp:attachment":[{"href":"https:\/\/streetmarkets.fr\/app\/wp-json\/wp\/v2\/media?parent=2412808"}],"wp:term":[{"taxonomy":"product_brand","embeddable":true,"href":"https:\/\/streetmarkets.fr\/app\/wp-json\/wp\/v2\/product_brand?post=2412808"},{"taxonomy":"product_cat","embeddable":true,"href":"https:\/\/streetmarkets.fr\/app\/wp-json\/wp\/v2\/product_cat?post=2412808"},{"taxonomy":"product_tag","embeddable":true,"href":"https:\/\/streetmarkets.fr\/app\/wp-json\/wp\/v2\/product_tag?post=2412808"}],"curies":[{"name":"wp","href":"https:\/\/api.w.org\/{rel}","templated":true}]}}