{"id":2412802,"date":"2025-08-06T07:37:10","date_gmt":"2025-08-06T05:37:10","guid":{"rendered":"https:\/\/streetmarkets.fr\/app\/produit\/gilet-cachemire-madluv-camelia-2\/"},"modified":"2026-04-08T07:37:22","modified_gmt":"2026-04-08T05:37:22","slug":"gilet-cachemire-madluv-camelia-2","status":"publish","type":"product","link":"https:\/\/streetmarkets.fr\/app\/produit\/gilet-cachemire-madluv-camelia-2\/","title":{"rendered":"Gilet Cachemire Madluv Cam\u00e9lia"},"content":{"rendered":"<p>CAMELIA :Gilet bicolore au col V avec un\u00e9clair color\u00e9en intarsia.100% cachemire- 3 Tailles\u00a0S, M et L &#8211; Coloris : Gris &#8211; Existe aussi en Rose.La livraison est offerte pour la France M\u00e9tropolitaine !<\/p>\n","protected":false},"excerpt":{"rendered":"<p>CAMELIA :Gilet bicolore au col V avec un\u00e9clair color\u00e9en intarsia.100% cachemire- 3 Tailles\u00a0S, M et L &#8211; Coloris : Gris &#8211; Existe aussi en Rose.La livraison est offerte pour la France M\u00e9tropolitaine !<\/p>\n","protected":false},"featured_media":2412803,"comment_status":"open","ping_status":"closed","template":"","meta":[],"product_brand":[],"product_cat":[1756,1762],"product_tag":[2244],"acf":[],"_links":{"self":[{"href":"https:\/\/streetmarkets.fr\/app\/wp-json\/wp\/v2\/product\/2412802"}],"collection":[{"href":"https:\/\/streetmarkets.fr\/app\/wp-json\/wp\/v2\/product"}],"about":[{"href":"https:\/\/streetmarkets.fr\/app\/wp-json\/wp\/v2\/types\/product"}],"replies":[{"embeddable":true,"href":"https:\/\/streetmarkets.fr\/app\/wp-json\/wp\/v2\/comments?post=2412802"}],"wp:featuredmedia":[{"embeddable":true,"href":"https:\/\/streetmarkets.fr\/app\/wp-json\/wp\/v2\/media\/2412803"}],"wp:attachment":[{"href":"https:\/\/streetmarkets.fr\/app\/wp-json\/wp\/v2\/media?parent=2412802"}],"wp:term":[{"taxonomy":"product_brand","embeddable":true,"href":"https:\/\/streetmarkets.fr\/app\/wp-json\/wp\/v2\/product_brand?post=2412802"},{"taxonomy":"product_cat","embeddable":true,"href":"https:\/\/streetmarkets.fr\/app\/wp-json\/wp\/v2\/product_cat?post=2412802"},{"taxonomy":"product_tag","embeddable":true,"href":"https:\/\/streetmarkets.fr\/app\/wp-json\/wp\/v2\/product_tag?post=2412802"}],"curies":[{"name":"wp","href":"https:\/\/api.w.org\/{rel}","templated":true}]}}