{"id":2412789,"date":"2025-08-06T07:36:50","date_gmt":"2025-08-06T05:36:50","guid":{"rendered":"https:\/\/streetmarkets.fr\/app\/produit\/poncho-cachemire-madluv\/"},"modified":"2026-05-08T07:37:34","modified_gmt":"2026-05-08T05:37:34","slug":"poncho-cachemire-madluv","status":"publish","type":"product","link":"https:\/\/streetmarkets.fr\/app\/produit\/poncho-cachemire-madluv\/","title":{"rendered":"Poncho Cachemire MADLUV"},"content":{"rendered":"<p>PAM: Poncho, col rond, avec franges, 2\u00a0fils\u00a0en cachemire &#8211; H\u00e9ritageboh\u00e8me et modernit\u00e9 urbaine.100% cachemire- Taille Unique &#8211; Coloris Camel &#8211; Existe aussi en Gris.<\/p>\n","protected":false},"excerpt":{"rendered":"<p>PAM: Poncho, col rond, avec franges, 2\u00a0fils\u00a0en cachemire &#8211; H\u00e9ritageboh\u00e8me et modernit\u00e9 urbaine.100% cachemire- Taille Unique &#8211; Coloris Camel &#8211; Existe aussi en Gris.<\/p>\n","protected":false},"featured_media":2412790,"comment_status":"open","ping_status":"closed","template":"","meta":[],"product_brand":[],"product_cat":[1756,1764],"product_tag":[2244],"acf":[],"_links":{"self":[{"href":"https:\/\/streetmarkets.fr\/app\/wp-json\/wp\/v2\/product\/2412789"}],"collection":[{"href":"https:\/\/streetmarkets.fr\/app\/wp-json\/wp\/v2\/product"}],"about":[{"href":"https:\/\/streetmarkets.fr\/app\/wp-json\/wp\/v2\/types\/product"}],"replies":[{"embeddable":true,"href":"https:\/\/streetmarkets.fr\/app\/wp-json\/wp\/v2\/comments?post=2412789"}],"wp:featuredmedia":[{"embeddable":true,"href":"https:\/\/streetmarkets.fr\/app\/wp-json\/wp\/v2\/media\/2412790"}],"wp:attachment":[{"href":"https:\/\/streetmarkets.fr\/app\/wp-json\/wp\/v2\/media?parent=2412789"}],"wp:term":[{"taxonomy":"product_brand","embeddable":true,"href":"https:\/\/streetmarkets.fr\/app\/wp-json\/wp\/v2\/product_brand?post=2412789"},{"taxonomy":"product_cat","embeddable":true,"href":"https:\/\/streetmarkets.fr\/app\/wp-json\/wp\/v2\/product_cat?post=2412789"},{"taxonomy":"product_tag","embeddable":true,"href":"https:\/\/streetmarkets.fr\/app\/wp-json\/wp\/v2\/product_tag?post=2412789"}],"curies":[{"name":"wp","href":"https:\/\/api.w.org\/{rel}","templated":true}]}}