{"id":2412764,"date":"2025-08-06T07:36:48","date_gmt":"2025-08-06T05:36:48","guid":{"rendered":"https:\/\/streetmarkets.fr\/app\/produit\/col-roule-cachemire-madluv-tina\/"},"modified":"2026-04-27T07:37:25","modified_gmt":"2026-04-27T05:37:25","slug":"col-roule-cachemire-madluv-tina","status":"publish","type":"product","link":"https:\/\/streetmarkets.fr\/app\/produit\/col-roule-cachemire-madluv-tina\/","title":{"rendered":"Col Roul\u00e9 Cachemire Madluv Tina"},"content":{"rendered":"<p>TINA\u00a0:Pull Col roul\u00e9 \u00e0 c\u00f4tes,\u00a02 fils en cachemire, aux jolies rayures color\u00e9es graphiques.100% cachemire- 2 Tailles\u00a0SM et ML\u00a0&#8211; Coloris vert c\u00e9ladon.La livraison est offerte pour la France M\u00e9tropolitaine !<\/p>\n","protected":false},"excerpt":{"rendered":"<p>TINA\u00a0:Pull Col roul\u00e9 \u00e0 c\u00f4tes,\u00a02 fils en cachemire, aux jolies rayures color\u00e9es graphiques.100% cachemire- 2 Tailles\u00a0SM et ML\u00a0&#8211; Coloris vert c\u00e9ladon.La livraison est offerte pour la France M\u00e9tropolitaine !<\/p>\n","protected":false},"featured_media":2412765,"comment_status":"open","ping_status":"closed","template":"","meta":[],"product_brand":[],"product_cat":[1756,1762],"product_tag":[2244],"acf":[],"_links":{"self":[{"href":"https:\/\/streetmarkets.fr\/app\/wp-json\/wp\/v2\/product\/2412764"}],"collection":[{"href":"https:\/\/streetmarkets.fr\/app\/wp-json\/wp\/v2\/product"}],"about":[{"href":"https:\/\/streetmarkets.fr\/app\/wp-json\/wp\/v2\/types\/product"}],"replies":[{"embeddable":true,"href":"https:\/\/streetmarkets.fr\/app\/wp-json\/wp\/v2\/comments?post=2412764"}],"wp:featuredmedia":[{"embeddable":true,"href":"https:\/\/streetmarkets.fr\/app\/wp-json\/wp\/v2\/media\/2412765"}],"wp:attachment":[{"href":"https:\/\/streetmarkets.fr\/app\/wp-json\/wp\/v2\/media?parent=2412764"}],"wp:term":[{"taxonomy":"product_brand","embeddable":true,"href":"https:\/\/streetmarkets.fr\/app\/wp-json\/wp\/v2\/product_brand?post=2412764"},{"taxonomy":"product_cat","embeddable":true,"href":"https:\/\/streetmarkets.fr\/app\/wp-json\/wp\/v2\/product_cat?post=2412764"},{"taxonomy":"product_tag","embeddable":true,"href":"https:\/\/streetmarkets.fr\/app\/wp-json\/wp\/v2\/product_tag?post=2412764"}],"curies":[{"name":"wp","href":"https:\/\/api.w.org\/{rel}","templated":true}]}}