{"id":2412745,"date":"2025-08-06T07:36:46","date_gmt":"2025-08-06T05:36:46","guid":{"rendered":"https:\/\/streetmarkets.fr\/app\/produit\/pull-col-rond-cachemire-madluv-stripes\/"},"modified":"2026-05-11T07:37:45","modified_gmt":"2026-05-11T05:37:45","slug":"pull-col-rond-cachemire-madluv-stripes","status":"publish","type":"product","link":"https:\/\/streetmarkets.fr\/app\/produit\/pull-col-rond-cachemire-madluv-stripes\/","title":{"rendered":"Pull col Rond Cachemire Madluv Stripes"},"content":{"rendered":"<p>STRIPES :Pull Col rond avec ses 2 fils en cachemire, aux jolies rayures color\u00e9es graphiques.100% cachemire- Taille Unique &#8211; Coloris : vert c\u00e9ladon.La livraison est offerte pour la France M\u00e9tropolitaine !<\/p>\n","protected":false},"excerpt":{"rendered":"<p>STRIPES :Pull Col rond avec ses 2 fils en cachemire, aux jolies rayures color\u00e9es graphiques.100% cachemire- Taille Unique &#8211; Coloris : vert c\u00e9ladon.La livraison est offerte pour la France M\u00e9tropolitaine !<\/p>\n","protected":false},"featured_media":2412746,"comment_status":"open","ping_status":"closed","template":"","meta":[],"product_brand":[],"product_cat":[1756,1762],"product_tag":[2244],"acf":[],"_links":{"self":[{"href":"https:\/\/streetmarkets.fr\/app\/wp-json\/wp\/v2\/product\/2412745"}],"collection":[{"href":"https:\/\/streetmarkets.fr\/app\/wp-json\/wp\/v2\/product"}],"about":[{"href":"https:\/\/streetmarkets.fr\/app\/wp-json\/wp\/v2\/types\/product"}],"replies":[{"embeddable":true,"href":"https:\/\/streetmarkets.fr\/app\/wp-json\/wp\/v2\/comments?post=2412745"}],"wp:featuredmedia":[{"embeddable":true,"href":"https:\/\/streetmarkets.fr\/app\/wp-json\/wp\/v2\/media\/2412746"}],"wp:attachment":[{"href":"https:\/\/streetmarkets.fr\/app\/wp-json\/wp\/v2\/media?parent=2412745"}],"wp:term":[{"taxonomy":"product_brand","embeddable":true,"href":"https:\/\/streetmarkets.fr\/app\/wp-json\/wp\/v2\/product_brand?post=2412745"},{"taxonomy":"product_cat","embeddable":true,"href":"https:\/\/streetmarkets.fr\/app\/wp-json\/wp\/v2\/product_cat?post=2412745"},{"taxonomy":"product_tag","embeddable":true,"href":"https:\/\/streetmarkets.fr\/app\/wp-json\/wp\/v2\/product_tag?post=2412745"}],"curies":[{"name":"wp","href":"https:\/\/api.w.org\/{rel}","templated":true}]}}