{"id":2412733,"date":"2025-08-06T07:36:45","date_gmt":"2025-08-06T05:36:45","guid":{"rendered":"https:\/\/streetmarkets.fr\/app\/produit\/chaussettes-cachemire-madluv-samy\/"},"modified":"2026-05-06T07:37:18","modified_gmt":"2026-05-06T05:37:18","slug":"chaussettes-cachemire-madluv-samy","status":"publish","type":"product","link":"https:\/\/streetmarkets.fr\/app\/produit\/chaussettes-cachemire-madluv-samy\/","title":{"rendered":"Chaussettes Cachemire Madluv SAMY"},"content":{"rendered":"<p>SAMY : Chaussettes100% cachemire aux extr\u00e9mit\u00e9s ouvertes avec un tricotage \u00e0 c\u00f4tes pour une tenue parfaite. &#8211; Bord color\u00e9 qui ajoute une touche d\u2019audace.100% cachemire- Taille Unique &#8211; Coloris : Bleu + bord color\u00e9 Vert.\u00a0Existe aussi en Gris, Camel, Vert.<\/p>\n","protected":false},"excerpt":{"rendered":"<p>SAMY : Chaussettes100% cachemire aux extr\u00e9mit\u00e9s ouvertes avec un tricotage \u00e0 c\u00f4tes pour une tenue parfaite. &#8211; Bord color\u00e9 qui ajoute une touche d\u2019audace.100% cachemire- Taille Unique &#8211; Coloris : Bleu + bord color\u00e9 Vert.\u00a0Existe aussi en Gris, Camel, Vert.<\/p>\n","protected":false},"featured_media":2412734,"comment_status":"open","ping_status":"closed","template":"","meta":[],"product_brand":[],"product_cat":[1756,1764],"product_tag":[2244],"acf":[],"_links":{"self":[{"href":"https:\/\/streetmarkets.fr\/app\/wp-json\/wp\/v2\/product\/2412733"}],"collection":[{"href":"https:\/\/streetmarkets.fr\/app\/wp-json\/wp\/v2\/product"}],"about":[{"href":"https:\/\/streetmarkets.fr\/app\/wp-json\/wp\/v2\/types\/product"}],"replies":[{"embeddable":true,"href":"https:\/\/streetmarkets.fr\/app\/wp-json\/wp\/v2\/comments?post=2412733"}],"wp:featuredmedia":[{"embeddable":true,"href":"https:\/\/streetmarkets.fr\/app\/wp-json\/wp\/v2\/media\/2412734"}],"wp:attachment":[{"href":"https:\/\/streetmarkets.fr\/app\/wp-json\/wp\/v2\/media?parent=2412733"}],"wp:term":[{"taxonomy":"product_brand","embeddable":true,"href":"https:\/\/streetmarkets.fr\/app\/wp-json\/wp\/v2\/product_brand?post=2412733"},{"taxonomy":"product_cat","embeddable":true,"href":"https:\/\/streetmarkets.fr\/app\/wp-json\/wp\/v2\/product_cat?post=2412733"},{"taxonomy":"product_tag","embeddable":true,"href":"https:\/\/streetmarkets.fr\/app\/wp-json\/wp\/v2\/product_tag?post=2412733"}],"curies":[{"name":"wp","href":"https:\/\/api.w.org\/{rel}","templated":true}]}}