{"id":2412725,"date":"2025-08-06T07:36:45","date_gmt":"2025-08-06T05:36:45","guid":{"rendered":"https:\/\/streetmarkets.fr\/app\/produit\/cagoule-cachemire-madluv-helen\/"},"modified":"2026-05-01T07:37:13","modified_gmt":"2026-05-01T05:37:13","slug":"cagoule-cachemire-madluv-helen","status":"publish","type":"product","link":"https:\/\/streetmarkets.fr\/app\/produit\/cagoule-cachemire-madluv-helen\/","title":{"rendered":"Cagoule Cachemire Madluv HELEN"},"content":{"rendered":"<p>HELEN : Cagoule100% cachemire &#8211; 4 fils &#8211; Cette cagoule allie \u00e9l\u00e9gance et fonctionnalit\u00e9 avec un col\u00a0c\u00f4tel\u00e9. Elle est ajustable pour un confort sur-mesure.100% cachemire- Taille Unique &#8211; Coloris : Bleu.\u00a0Existe aussi en Vert.<\/p>\n","protected":false},"excerpt":{"rendered":"<p>HELEN : Cagoule100% cachemire &#8211; 4 fils &#8211; Cette cagoule allie \u00e9l\u00e9gance et fonctionnalit\u00e9 avec un col\u00a0c\u00f4tel\u00e9. Elle est ajustable pour un confort sur-mesure.100% cachemire- Taille Unique &#8211; Coloris : Bleu.\u00a0Existe aussi en Vert.<\/p>\n","protected":false},"featured_media":2412726,"comment_status":"open","ping_status":"closed","template":"","meta":[],"product_brand":[],"product_cat":[1756,1764],"product_tag":[2244],"acf":[],"_links":{"self":[{"href":"https:\/\/streetmarkets.fr\/app\/wp-json\/wp\/v2\/product\/2412725"}],"collection":[{"href":"https:\/\/streetmarkets.fr\/app\/wp-json\/wp\/v2\/product"}],"about":[{"href":"https:\/\/streetmarkets.fr\/app\/wp-json\/wp\/v2\/types\/product"}],"replies":[{"embeddable":true,"href":"https:\/\/streetmarkets.fr\/app\/wp-json\/wp\/v2\/comments?post=2412725"}],"wp:featuredmedia":[{"embeddable":true,"href":"https:\/\/streetmarkets.fr\/app\/wp-json\/wp\/v2\/media\/2412726"}],"wp:attachment":[{"href":"https:\/\/streetmarkets.fr\/app\/wp-json\/wp\/v2\/media?parent=2412725"}],"wp:term":[{"taxonomy":"product_brand","embeddable":true,"href":"https:\/\/streetmarkets.fr\/app\/wp-json\/wp\/v2\/product_brand?post=2412725"},{"taxonomy":"product_cat","embeddable":true,"href":"https:\/\/streetmarkets.fr\/app\/wp-json\/wp\/v2\/product_cat?post=2412725"},{"taxonomy":"product_tag","embeddable":true,"href":"https:\/\/streetmarkets.fr\/app\/wp-json\/wp\/v2\/product_tag?post=2412725"}],"curies":[{"name":"wp","href":"https:\/\/api.w.org\/{rel}","templated":true}]}}