{"id":2405894,"date":"2025-08-06T02:08:42","date_gmt":"2025-08-06T00:08:42","guid":{"rendered":"https:\/\/streetmarkets.fr\/app\/produit\/nouveau-laurence-bras-blouse-magritte-navy-sand-checks\/"},"modified":"2026-04-01T02:03:32","modified_gmt":"2026-04-01T00:03:32","slug":"nouveau-laurence-bras-blouse-magritte-navy-sand-checks","status":"publish","type":"product","link":"https:\/\/streetmarkets.fr\/app\/produit\/nouveau-laurence-bras-blouse-magritte-navy-sand-checks\/","title":{"rendered":"LAURENCE BRAS Blouse Magritte Navy Sand Checks -40%"},"content":{"rendered":"<p class=\"\" data-rte-preserve-empty=\"true\">Blouse \u00e0 carreaux en coton coupe ample et fluide, d\u00e9collet\u00e9 boutonn\u00e9 orn\u00e9 de fronces, manches longues et poignets resserr\u00e9s.  <\/p>\n<p class=\"\" data-rte-preserve-empty=\"true\">D\u00e9tail : 100% coton<\/p>\n","protected":false},"excerpt":{"rendered":"<p>Blouse \u00e0 carreaux en coton coupe ample et fluide, d\u00e9collet\u00e9 boutonn\u00e9 orn\u00e9 de fronces, manches longues et poignets resserr\u00e9s. D\u00e9tail : 100% coton<\/p>\n","protected":false},"featured_media":2405895,"comment_status":"open","ping_status":"closed","template":"","meta":[],"product_brand":[],"product_cat":[1756,1762],"product_tag":[2244],"acf":[],"_links":{"self":[{"href":"https:\/\/streetmarkets.fr\/app\/wp-json\/wp\/v2\/product\/2405894"}],"collection":[{"href":"https:\/\/streetmarkets.fr\/app\/wp-json\/wp\/v2\/product"}],"about":[{"href":"https:\/\/streetmarkets.fr\/app\/wp-json\/wp\/v2\/types\/product"}],"replies":[{"embeddable":true,"href":"https:\/\/streetmarkets.fr\/app\/wp-json\/wp\/v2\/comments?post=2405894"}],"wp:featuredmedia":[{"embeddable":true,"href":"https:\/\/streetmarkets.fr\/app\/wp-json\/wp\/v2\/media\/2405895"}],"wp:attachment":[{"href":"https:\/\/streetmarkets.fr\/app\/wp-json\/wp\/v2\/media?parent=2405894"}],"wp:term":[{"taxonomy":"product_brand","embeddable":true,"href":"https:\/\/streetmarkets.fr\/app\/wp-json\/wp\/v2\/product_brand?post=2405894"},{"taxonomy":"product_cat","embeddable":true,"href":"https:\/\/streetmarkets.fr\/app\/wp-json\/wp\/v2\/product_cat?post=2405894"},{"taxonomy":"product_tag","embeddable":true,"href":"https:\/\/streetmarkets.fr\/app\/wp-json\/wp\/v2\/product_tag?post=2405894"}],"curies":[{"name":"wp","href":"https:\/\/api.w.org\/{rel}","templated":true}]}}