{"id":2405877,"date":"2025-08-06T02:03:40","date_gmt":"2025-08-06T00:03:40","guid":{"rendered":"https:\/\/streetmarkets.fr\/app\/produit\/t-shirt-unity-fitz-responsibili-tee-recycle-homme-patagonia\/"},"modified":"2026-05-13T02:01:13","modified_gmt":"2026-05-13T00:01:13","slug":"t-shirt-unity-fitz-responsibili-tee-recycle-homme-patagonia","status":"publish","type":"product","link":"https:\/\/streetmarkets.fr\/app\/produit\/t-shirt-unity-fitz-responsibili-tee-recycle-homme-patagonia\/","title":{"rendered":"T-shirt Unity Fitz Responsibili-Tee\u00ae recycl\u00e9 homme &#8211; Patagonia"},"content":{"rendered":"<h2>T-shirt Unity Fitz Responsibili-Tee\u00ae recycl\u00e9 homme &#8211; Patagonia<\/h2>\n<p><img decoding=\"async\" alt=\"\" src=\"https:\/\/cdn.shopify.com\/s\/files\/1\/0593\/7093\/0335\/files\/Patagonia-logo_480x480.jpg?v=1678193525\"><img decoding=\"async\" src=\"https:\/\/cdn.shopify.com\/s\/files\/1\/0593\/7093\/0335\/files\/Picto_Mode_Textile_480x480.jpg?v=1677763747\" alt=\"\"><img decoding=\"async\" src=\"https:\/\/cdn.shopify.com\/s\/files\/1\/0593\/7093\/0335\/files\/Picto_Fair_Trade_480x480.jpg?v=1677763747\" alt=\"\"><img decoding=\"async\" src=\"https:\/\/cdn.shopify.com\/s\/files\/1\/0593\/7093\/0335\/files\/Picto_Matieres_recyclees_480x480.jpg?v=1677763747\" alt=\"\"><\/p>\n<p data-start=\"194\" data-end=\"508\">Un message fort, une plan\u00e8te stylis\u00e9e, une mati\u00e8re 100 % recycl\u00e9e : ce t-shirt Patagonia r\u00e9unit tous les engagements de la marque en une seule pi\u00e8ce. Le mod\u00e8le Unity Fitz Responsibili-Tee\u00ae incarne une mode responsable et militante, sans faire de compromis sur le confort.<\/p>\n<p data-start=\"510\" data-end=\"913\"><strong data-start=\"510\" data-end=\"534\">\u2728 Pourquoi l\u2019adopter<\/strong><br data-start=\"534\" data-end=\"537\">\ud83c\udf0d Design porteur de sens : motif Unity Fitz \u00ab we\u2019re all on this together \u00bb<br data-start=\"612\" data-end=\"615\">\u267b\ufe0f Mati\u00e8re 100 % recycl\u00e9e : coton et polyester post-consommation<br data-start=\"679\" data-end=\"682\">\ud83d\udc55 Confort quotidien : jersey doux et coupe polyvalente<br data-start=\"737\" data-end=\"740\">\ud83d\udcaa Bonne tenue : encolure c\u00f4tel\u00e9e et coutures \u00e9paules renforc\u00e9es<br data-start=\"804\" data-end=\"807\">\ud83e\uddf5 Fabrication responsable : atelier certifi\u00e9 Fair Trade\u2122<br data-start=\"864\" data-end=\"867\">\ud83c\udf31 Impact r\u00e9duit : mati\u00e8re certifi\u00e9e bluesign\u00ae<\/p>\n<p data-start=\"915\" data-end=\"1107\"><strong data-start=\"915\" data-end=\"933\">\ud83e\udd7e Id\u00e9al pour\u2026<\/strong><br data-start=\"933\" data-end=\"936\">Les quotidiens engag\u00e9s, les week-ends d\u00e9contract\u00e9s, les looks simples mais porteurs de valeurs, les passionn\u00e9s de Patagonia qui veulent afficher leur soutien \u00e0 la plan\u00e8te.<\/p>\n<p data-start=\"1109\" data-end=\"1223\"><strong data-start=\"1109\" data-end=\"1125\">\ud83e\uddfc Entretien<\/strong><br data-start=\"1125\" data-end=\"1128\">Laver \u00e0 froid en machine. Ne pas blanchir. S\u00e9cher \u00e0 basse temp\u00e9rature. Repassage doux autoris\u00e9.<\/p>\n<h3>PATAGONIA<\/h3>\n<p><span><em>\u00ab Acheter pour vivre, au lieu de vivre pour acheter \u00bb, cette phrase\u00a0<\/em>d&#8217;Yvon Chouinard, fondateur peu conventionnel de la marque Patagonia illustre bien le positionnement de la marque.<\/span><\/p>\n<p><span>Depuis 1973, Patagonia propose des v\u00eatements techniques \u00e9co-con\u00e7us de sports de montagne, de surf,\u00a0pour d\u00e9couvrir les grands espaces naturels sauvages.\u00a0Pour concevoir ses v\u00eatements, Patagonia utilise uniquement du coton biologique et des chlorofibres (mati\u00e8res recycl\u00e9es). On pourrait r\u00e9sumer ainsi la philosophie de\u00a0PATAGONIA\u00a0:<em> &#8220;Fabriquer les meilleurs produits en causant le moindre impact environnemental, utiliser le monde des affaires pour inspirer et mettre en place des solutions \u00e0 la crise environnementale.&#8221;<\/em><\/span><\/p>\n<h3>INFORMATIONS<\/h3>\n<p>Jersey doux 186 g\/m\u00b2 \u2013 50 % coton recycl\u00e9 et 50 % polyester recycl\u00e9 post-consommation<br data-start=\"1339\" data-end=\"1342\">Mati\u00e8re certifi\u00e9e bluesign\u00ae<br data-start=\"1369\" data-end=\"1372\">Mod\u00e8le confectionn\u00e9 dans un atelier Fair Trade Certified\u2122<br data-start=\"1429\" data-end=\"1432\">Poids : 213 g<br data-start=\"1445\" data-end=\"1448\">Pays de fabrication : Mexique<\/p>\n","protected":false},"excerpt":{"rendered":"<p>T-shirt Unity Fitz Responsibili-Tee\u00ae recycl\u00e9 homme &#8211; Patagonia Un message fort, une plan\u00e8te stylis\u00e9e, une mati\u00e8re 100 % recycl\u00e9e : ce t-shirt Patagonia r\u00e9unit tous les engagements de la marque en une seule pi\u00e8ce. Le mod\u00e8le Unity Fitz Responsibili-Tee\u00ae incarne une mode responsable et militante, sans faire de compromis sur le confort. \u2728 Pourquoi l\u2019adopter\ud83c\udf0d [&hellip;]<\/p>\n","protected":false},"featured_media":2405878,"comment_status":"open","ping_status":"closed","template":"","meta":[],"product_brand":[7133],"product_cat":[1756,1758],"product_tag":[1810],"acf":[],"_links":{"self":[{"href":"https:\/\/streetmarkets.fr\/app\/wp-json\/wp\/v2\/product\/2405877"}],"collection":[{"href":"https:\/\/streetmarkets.fr\/app\/wp-json\/wp\/v2\/product"}],"about":[{"href":"https:\/\/streetmarkets.fr\/app\/wp-json\/wp\/v2\/types\/product"}],"replies":[{"embeddable":true,"href":"https:\/\/streetmarkets.fr\/app\/wp-json\/wp\/v2\/comments?post=2405877"}],"wp:featuredmedia":[{"embeddable":true,"href":"https:\/\/streetmarkets.fr\/app\/wp-json\/wp\/v2\/media\/2405878"}],"wp:attachment":[{"href":"https:\/\/streetmarkets.fr\/app\/wp-json\/wp\/v2\/media?parent=2405877"}],"wp:term":[{"taxonomy":"product_brand","embeddable":true,"href":"https:\/\/streetmarkets.fr\/app\/wp-json\/wp\/v2\/product_brand?post=2405877"},{"taxonomy":"product_cat","embeddable":true,"href":"https:\/\/streetmarkets.fr\/app\/wp-json\/wp\/v2\/product_cat?post=2405877"},{"taxonomy":"product_tag","embeddable":true,"href":"https:\/\/streetmarkets.fr\/app\/wp-json\/wp\/v2\/product_tag?post=2405877"}],"curies":[{"name":"wp","href":"https:\/\/api.w.org\/{rel}","templated":true}]}}