{"id":2405823,"date":"2025-08-06T02:00:09","date_gmt":"2025-08-06T00:00:09","guid":{"rendered":"https:\/\/streetmarkets.fr\/app\/produit\/pull-col-montant-coeurs-multicolores-h25-femme-sable\/"},"modified":"2026-03-09T00:49:00","modified_gmt":"2026-03-08T23:49:00","slug":"pull-col-montant-coeurs-multicolores-h25-femme-sable","status":"publish","type":"product","link":"https:\/\/streetmarkets.fr\/app\/produit\/pull-col-montant-coeurs-multicolores-h25-femme-sable\/","title":{"rendered":"Pull Col Montant C\u0153urs Multicolores (H25 \/ FEMME \/ Sable)"},"content":{"rendered":"<p>Ce pull oversize, en cachemire l\u00e9ger et infiniment doux, se pare de c\u0153urs multicolores le long des manches. Son col montant et ses bords c\u00f4tel\u00e9s lui conf\u00e8rent une \u00e9l\u00e9gance d\u00e9contract\u00e9e. Id\u00e9al pour r\u00e9chauffer votre allure avec audace et style, il s&#8217;associe \u00e0 un jean d\u00e9contract\u00e9 pour un look chic et casual.<\/p>\n<p>&#8211; Pull en cachemire l\u00e9ger certifi\u00e9 GCS\u00ae Femme <br \/>&#8211; C\u0153urs multicolores <br \/>&#8211; Col montant <br \/>&#8211; Manches longues <br \/>&#8211; Bords c\u00f4tel\u00e9s <br \/>&#8211; Coupe oversize <br \/>&#8211; Le Good Cashmere Standard\u00ae (GCS) est une norme ind\u00e9pendante pour un cachemire plus durable et plus responsable. Il vise \u00e0 am\u00e9liorer le bien-\u00eatre des ch\u00e8vres cachemire, les conditions de travail des \u00e9leveurs ainsi qu&#8217;\u00e0 prot\u00e9ger l&#8217;environnement.<br \/>&#8211; <u>Cachemire 2 fils<\/u><\/p>\n","protected":false},"excerpt":{"rendered":"<p>Ce pull oversize, en cachemire l\u00e9ger et infiniment doux, se pare de c\u0153urs multicolores le long des manches. Son col montant et ses bords c\u00f4tel\u00e9s lui conf\u00e8rent une \u00e9l\u00e9gance d\u00e9contract\u00e9e. Id\u00e9al pour r\u00e9chauffer votre allure avec audace et style, il s&#8217;associe \u00e0 un jean d\u00e9contract\u00e9 pour un look chic et casual. &#8211; Pull en cachemire [&hellip;]<\/p>\n","protected":false},"featured_media":2405824,"comment_status":"open","ping_status":"closed","template":"","meta":[],"product_brand":[6868],"product_cat":[1756,1762],"product_tag":[2244],"acf":[],"_links":{"self":[{"href":"https:\/\/streetmarkets.fr\/app\/wp-json\/wp\/v2\/product\/2405823"}],"collection":[{"href":"https:\/\/streetmarkets.fr\/app\/wp-json\/wp\/v2\/product"}],"about":[{"href":"https:\/\/streetmarkets.fr\/app\/wp-json\/wp\/v2\/types\/product"}],"replies":[{"embeddable":true,"href":"https:\/\/streetmarkets.fr\/app\/wp-json\/wp\/v2\/comments?post=2405823"}],"wp:featuredmedia":[{"embeddable":true,"href":"https:\/\/streetmarkets.fr\/app\/wp-json\/wp\/v2\/media\/2405824"}],"wp:attachment":[{"href":"https:\/\/streetmarkets.fr\/app\/wp-json\/wp\/v2\/media?parent=2405823"}],"wp:term":[{"taxonomy":"product_brand","embeddable":true,"href":"https:\/\/streetmarkets.fr\/app\/wp-json\/wp\/v2\/product_brand?post=2405823"},{"taxonomy":"product_cat","embeddable":true,"href":"https:\/\/streetmarkets.fr\/app\/wp-json\/wp\/v2\/product_cat?post=2405823"},{"taxonomy":"product_tag","embeddable":true,"href":"https:\/\/streetmarkets.fr\/app\/wp-json\/wp\/v2\/product_tag?post=2405823"}],"curies":[{"name":"wp","href":"https:\/\/api.w.org\/{rel}","templated":true}]}}