{"id":2399738,"date":"2025-08-05T01:55:01","date_gmt":"2025-08-04T23:55:01","guid":{"rendered":"https:\/\/streetmarkets.fr\/app\/produit\/pull-col-roule-h25-femme-cotton-sky\/"},"modified":"2026-02-15T00:54:10","modified_gmt":"2026-02-14T23:54:10","slug":"pull-col-roule-h25-femme-cotton-sky","status":"publish","type":"product","link":"https:\/\/streetmarkets.fr\/app\/produit\/pull-col-roule-h25-femme-cotton-sky\/","title":{"rendered":"Pull Col Roul\u00e9 (H25 \/ FEMME \/ Cotton Sky)"},"content":{"rendered":"<p>Confectionn\u00e9 en cachemire 4 fils, ce pull est muni d&#8217;un col roul\u00e9, de manches longues et de bords c\u00f4tel\u00e9s. Une d\u00e9licate broderie &#8220;From Future&#8221; appos\u00e9e au bas vient signer l&#8217;allure. Compl\u00e9tez votre look casual avec un jean droit, des sneakers et un sac.<\/p>\n<p>&#8211; Pull en cachemire 4 fils certifi\u00e9 GCS\u00ae Femme<br \/>\n<br \/>&#8211; Broderie &#8220;From Future&#8221; au bas<br \/>\n<br \/>&#8211; Col roul\u00e9<br \/>\n<br \/>&#8211; Manches longues<br \/>\n<br \/>&#8211; Bords c\u00f4tel\u00e9s<br \/>\n<br \/>&#8211; Coupe regular<br \/>\n<br \/>&#8211; Le Good Cashmere Standard\u00ae (GCS) est une norme ind\u00e9pendante pour un cachemire plus durable et plus responsable. Il vise \u00e0 am\u00e9liorer le bien-\u00eatre des ch\u00e8vres cachemire, les conditions de travail des \u00e9leveurs ainsi qu&#8217;\u00e0 prot\u00e9ger l&#8217;environnement.<\/p>\n","protected":false},"excerpt":{"rendered":"<p>Confectionn\u00e9 en cachemire 4 fils, ce pull est muni d&#8217;un col roul\u00e9, de manches longues et de bords c\u00f4tel\u00e9s. Une d\u00e9licate broderie &#8220;From Future&#8221; appos\u00e9e au bas vient signer l&#8217;allure. Compl\u00e9tez votre look casual avec un jean droit, des sneakers et un sac. &#8211; Pull en cachemire 4 fils certifi\u00e9 GCS\u00ae Femme &#8211; Broderie &#8220;From [&hellip;]<\/p>\n","protected":false},"featured_media":2399739,"comment_status":"open","ping_status":"closed","template":"","meta":[],"product_brand":[6868],"product_cat":[1756,1762],"product_tag":[2244],"acf":[],"_links":{"self":[{"href":"https:\/\/streetmarkets.fr\/app\/wp-json\/wp\/v2\/product\/2399738"}],"collection":[{"href":"https:\/\/streetmarkets.fr\/app\/wp-json\/wp\/v2\/product"}],"about":[{"href":"https:\/\/streetmarkets.fr\/app\/wp-json\/wp\/v2\/types\/product"}],"replies":[{"embeddable":true,"href":"https:\/\/streetmarkets.fr\/app\/wp-json\/wp\/v2\/comments?post=2399738"}],"wp:featuredmedia":[{"embeddable":true,"href":"https:\/\/streetmarkets.fr\/app\/wp-json\/wp\/v2\/media\/2399739"}],"wp:attachment":[{"href":"https:\/\/streetmarkets.fr\/app\/wp-json\/wp\/v2\/media?parent=2399738"}],"wp:term":[{"taxonomy":"product_brand","embeddable":true,"href":"https:\/\/streetmarkets.fr\/app\/wp-json\/wp\/v2\/product_brand?post=2399738"},{"taxonomy":"product_cat","embeddable":true,"href":"https:\/\/streetmarkets.fr\/app\/wp-json\/wp\/v2\/product_cat?post=2399738"},{"taxonomy":"product_tag","embeddable":true,"href":"https:\/\/streetmarkets.fr\/app\/wp-json\/wp\/v2\/product_tag?post=2399738"}],"curies":[{"name":"wp","href":"https:\/\/api.w.org\/{rel}","templated":true}]}}