{"id":2399725,"date":"2025-08-05T01:55:00","date_gmt":"2025-08-04T23:55:00","guid":{"rendered":"https:\/\/streetmarkets.fr\/app\/produit\/foulard-bandana-h25-accessoires-noir\/"},"modified":"2025-12-20T00:49:50","modified_gmt":"2025-12-19T23:49:50","slug":"foulard-bandana-h25-accessoires-noir","status":"publish","type":"product","link":"https:\/\/streetmarkets.fr\/app\/produit\/foulard-bandana-h25-accessoires-noir\/","title":{"rendered":"Foulard Bandana (H25 \/ ACCESSOIRES \/ Noir)"},"content":{"rendered":"<p><span>L&#8217;accessoire incontournable de l&#8217;hiver est l\u00e0. Parfait pour sublimer votre look, notre foulard en 100% cachemire allie \u00e9l\u00e9gance et confort. Confectionn\u00e9 dans une maille 2 fils d&#8217;une douceur incomparable, son tricotage unique cr\u00e9e de subtiles variations de couleurs, ajoutant une note d&#8217;audace intemporelle \u00e0 votre style.<\/span><\/p>\n","protected":false},"excerpt":{"rendered":"<p>L&#8217;accessoire incontournable de l&#8217;hiver est l\u00e0. Parfait pour sublimer votre look, notre foulard en 100% cachemire allie \u00e9l\u00e9gance et confort. Confectionn\u00e9 dans une maille 2 fils d&#8217;une douceur incomparable, son tricotage unique cr\u00e9e de subtiles variations de couleurs, ajoutant une note d&#8217;audace intemporelle \u00e0 votre style.<\/p>\n","protected":false},"featured_media":2399726,"comment_status":"open","ping_status":"closed","template":"","meta":[],"product_brand":[6868],"product_cat":[1756,1764],"product_tag":[2244],"acf":[],"_links":{"self":[{"href":"https:\/\/streetmarkets.fr\/app\/wp-json\/wp\/v2\/product\/2399725"}],"collection":[{"href":"https:\/\/streetmarkets.fr\/app\/wp-json\/wp\/v2\/product"}],"about":[{"href":"https:\/\/streetmarkets.fr\/app\/wp-json\/wp\/v2\/types\/product"}],"replies":[{"embeddable":true,"href":"https:\/\/streetmarkets.fr\/app\/wp-json\/wp\/v2\/comments?post=2399725"}],"wp:featuredmedia":[{"embeddable":true,"href":"https:\/\/streetmarkets.fr\/app\/wp-json\/wp\/v2\/media\/2399726"}],"wp:attachment":[{"href":"https:\/\/streetmarkets.fr\/app\/wp-json\/wp\/v2\/media?parent=2399725"}],"wp:term":[{"taxonomy":"product_brand","embeddable":true,"href":"https:\/\/streetmarkets.fr\/app\/wp-json\/wp\/v2\/product_brand?post=2399725"},{"taxonomy":"product_cat","embeddable":true,"href":"https:\/\/streetmarkets.fr\/app\/wp-json\/wp\/v2\/product_cat?post=2399725"},{"taxonomy":"product_tag","embeddable":true,"href":"https:\/\/streetmarkets.fr\/app\/wp-json\/wp\/v2\/product_tag?post=2399725"}],"curies":[{"name":"wp","href":"https:\/\/api.w.org\/{rel}","templated":true}]}}