{"id":2399637,"date":"2025-08-05T01:54:37","date_gmt":"2025-08-04T23:54:37","guid":{"rendered":"https:\/\/streetmarkets.fr\/app\/produit\/sweatshirt-hoodie-coeur-h25-homme-noir\/"},"modified":"2026-05-10T01:54:09","modified_gmt":"2026-05-09T23:54:09","slug":"sweatshirt-hoodie-coeur-h25-homme-noir","status":"publish","type":"product","link":"https:\/\/streetmarkets.fr\/app\/produit\/sweatshirt-hoodie-coeur-h25-homme-noir\/","title":{"rendered":"Sweatshirt Hoodie C\u0153ur (H25 \/ HOMME \/ Noir)"},"content":{"rendered":"<p>Muni d&#8217;une capuche \u00e0 cordons, d&#8217;une poche avant et de manches longues, ce sweatshirt hoodie en coton d\u00e9voile un c\u0153ur floqu\u00e9 &#8220;FUTURE&#8221; sur la poitrine.<br \/>\n<br \/>Facile \u00e0 mixer, cet essentiel se porte sans mod\u00e9ration pour accompagner vos looks. Rejoignez le Club !<\/p>\n<p>&#8211; Sweatshirt hoodie en coton Homme<br \/>\n<br \/>&#8211; C\u0153ur floqu\u00e9 &#8220;FUTURE&#8221; sur la poitrine<br \/>\n<br \/>&#8211; Capuche \u00e0 cordons<br \/>\n<br \/>&#8211; Manches longues<br \/>\n<br \/>&#8211; Poche avant<br \/>\n<br \/>&#8211; Coupe regular<br \/>\n<br \/>&#8211; Fabriqu\u00e9 au Portugal<\/p>\n","protected":false},"excerpt":{"rendered":"<p>Muni d&#8217;une capuche \u00e0 cordons, d&#8217;une poche avant et de manches longues, ce sweatshirt hoodie en coton d\u00e9voile un c\u0153ur floqu\u00e9 &#8220;FUTURE&#8221; sur la poitrine. Facile \u00e0 mixer, cet essentiel se porte sans mod\u00e9ration pour accompagner vos looks. Rejoignez le Club ! &#8211; Sweatshirt hoodie en coton Homme &#8211; C\u0153ur floqu\u00e9 &#8220;FUTURE&#8221; sur la poitrine [&hellip;]<\/p>\n","protected":false},"featured_media":2399638,"comment_status":"open","ping_status":"closed","template":"","meta":[],"product_brand":[6868],"product_cat":[1756,1758],"product_tag":[2244],"acf":[],"_links":{"self":[{"href":"https:\/\/streetmarkets.fr\/app\/wp-json\/wp\/v2\/product\/2399637"}],"collection":[{"href":"https:\/\/streetmarkets.fr\/app\/wp-json\/wp\/v2\/product"}],"about":[{"href":"https:\/\/streetmarkets.fr\/app\/wp-json\/wp\/v2\/types\/product"}],"replies":[{"embeddable":true,"href":"https:\/\/streetmarkets.fr\/app\/wp-json\/wp\/v2\/comments?post=2399637"}],"wp:featuredmedia":[{"embeddable":true,"href":"https:\/\/streetmarkets.fr\/app\/wp-json\/wp\/v2\/media\/2399638"}],"wp:attachment":[{"href":"https:\/\/streetmarkets.fr\/app\/wp-json\/wp\/v2\/media?parent=2399637"}],"wp:term":[{"taxonomy":"product_brand","embeddable":true,"href":"https:\/\/streetmarkets.fr\/app\/wp-json\/wp\/v2\/product_brand?post=2399637"},{"taxonomy":"product_cat","embeddable":true,"href":"https:\/\/streetmarkets.fr\/app\/wp-json\/wp\/v2\/product_cat?post=2399637"},{"taxonomy":"product_tag","embeddable":true,"href":"https:\/\/streetmarkets.fr\/app\/wp-json\/wp\/v2\/product_tag?post=2399637"}],"curies":[{"name":"wp","href":"https:\/\/api.w.org\/{rel}","templated":true}]}}