{"id":2399437,"date":"2025-08-05T01:44:19","date_gmt":"2025-08-04T23:44:19","guid":{"rendered":"https:\/\/streetmarkets.fr\/app\/produit\/sandales-ballast-vgt-kaki-kleman\/"},"modified":"2026-04-11T01:40:47","modified_gmt":"2026-04-10T23:40:47","slug":"sandales-ballast-vgt-kaki-kleman","status":"publish","type":"product","link":"https:\/\/streetmarkets.fr\/app\/produit\/sandales-ballast-vgt-kaki-kleman\/","title":{"rendered":"Sandales BALLAST VGT KAKI &#8211; Kleman"},"content":{"rendered":"<h3 data-rte-preserve-empty=\"true\"><strong>Sandales BALLAST VGT \u2013 Kaki &amp; Nude<\/strong><\/h3>\n<p data-rte-preserve-empty=\"true\"><strong>Made in France sign\u00e9 Kleman \u2013 Style affirm\u00e9, fabrication responsable<\/strong><\/p>\n<p data-rte-preserve-empty=\"true\">Les sandales <strong>BALLAST VGT<\/strong> s&#8217;imposent par leur design crant\u00e9 et leur silhouette audacieuse. Con\u00e7ues pour durer, elles allient esth\u00e9tique et engagement gr\u00e2ce \u00e0 des mat\u00e9riaux nobles et durables.<\/p>\n<p data-rte-preserve-empty=\"true\"><strong>Engagement \u00e9co-responsable :<\/strong><br \/>\u2714 Cuir au tannage v\u00e9g\u00e9tal<br \/>\u2714 Doublure et premi\u00e8re sans chrome<br \/>\u2714 Semelle partiellement recycl\u00e9e<br \/>\u2714 Fabrication fran\u00e7aise<\/p>\n<p data-rte-preserve-empty=\"true\"><strong>Pourquoi on l\u2019adore ?<\/strong><br \/>Pour son allure r\u00e9solument moderne, son confort de marche et sa conception responsable.<br \/><strong>BALLAST VGT<\/strong>, c\u2019est le choix du style et du sens.<\/p>\n","protected":false},"excerpt":{"rendered":"<p>Sandales BALLAST VGT \u2013 Kaki &amp; Nude Made in France sign\u00e9 Kleman \u2013 Style affirm\u00e9, fabrication responsable Les sandales BALLAST VGT s&#8217;imposent par leur design crant\u00e9 et leur silhouette audacieuse. Con\u00e7ues pour durer, elles allient esth\u00e9tique et engagement gr\u00e2ce \u00e0 des mat\u00e9riaux nobles et durables. Engagement \u00e9co-responsable :\u2714 Cuir au tannage v\u00e9g\u00e9tal\u2714 Doublure et premi\u00e8re [&hellip;]<\/p>\n","protected":false},"featured_media":2399438,"comment_status":"open","ping_status":"closed","template":"","meta":[],"product_brand":[],"product_cat":[1756,1763],"product_tag":[2244],"acf":[],"_links":{"self":[{"href":"https:\/\/streetmarkets.fr\/app\/wp-json\/wp\/v2\/product\/2399437"}],"collection":[{"href":"https:\/\/streetmarkets.fr\/app\/wp-json\/wp\/v2\/product"}],"about":[{"href":"https:\/\/streetmarkets.fr\/app\/wp-json\/wp\/v2\/types\/product"}],"replies":[{"embeddable":true,"href":"https:\/\/streetmarkets.fr\/app\/wp-json\/wp\/v2\/comments?post=2399437"}],"wp:featuredmedia":[{"embeddable":true,"href":"https:\/\/streetmarkets.fr\/app\/wp-json\/wp\/v2\/media\/2399438"}],"wp:attachment":[{"href":"https:\/\/streetmarkets.fr\/app\/wp-json\/wp\/v2\/media?parent=2399437"}],"wp:term":[{"taxonomy":"product_brand","embeddable":true,"href":"https:\/\/streetmarkets.fr\/app\/wp-json\/wp\/v2\/product_brand?post=2399437"},{"taxonomy":"product_cat","embeddable":true,"href":"https:\/\/streetmarkets.fr\/app\/wp-json\/wp\/v2\/product_cat?post=2399437"},{"taxonomy":"product_tag","embeddable":true,"href":"https:\/\/streetmarkets.fr\/app\/wp-json\/wp\/v2\/product_tag?post=2399437"}],"curies":[{"name":"wp","href":"https:\/\/api.w.org\/{rel}","templated":true}]}}