{"id":2399420,"date":"2025-08-05T01:44:16","date_gmt":"2025-08-04T23:44:16","guid":{"rendered":"https:\/\/streetmarkets.fr\/app\/produit\/sandales-ballast-cognac-kleman\/"},"modified":"2026-04-30T01:41:22","modified_gmt":"2026-04-29T23:41:22","slug":"sandales-ballast-cognac-kleman","status":"publish","type":"product","link":"https:\/\/streetmarkets.fr\/app\/produit\/sandales-ballast-cognac-kleman\/","title":{"rendered":"Sandales BALLAST cognac &#8211; KLEMAN"},"content":{"rendered":"<p data-rte-preserve-empty=\"true\"><span>Le mod\u00e8le BALLAST VGT est une paire de sandales crant\u00e9es con\u00e7ues \u00e0 partir d&#8217;un cuir europ\u00e9en tann\u00e9 de mani\u00e8re v\u00e9g\u00e9tale au sein d&#8217;une tannerie italienne. <\/span><\/p>\n<p data-rte-preserve-empty=\"true\"><strong>Coloris : <\/strong><span>cognac<\/span><\/p>\n<p data-rte-preserve-empty=\"true\"><strong>Type de produit : <\/strong>Sandales \u00e0 brides <\/p>\n<p data-rte-preserve-empty=\"true\"><strong>Pays de fabrication : <\/strong><span>France<\/span><\/p>\n<p data-rte-preserve-empty=\"true\"><strong>Type d\u2019assemblage : <\/strong><span>Soud\u00e9<\/span><\/p>\n<p data-rte-preserve-empty=\"true\"><strong>Mati\u00e8res principales : <\/strong><span>Cuir<\/span><\/p>\n<p data-rte-preserve-empty=\"true\"><strong>Doublure : <\/strong><span>Cuir<\/span><\/p>\n<p data-rte-preserve-empty=\"true\"><strong>Semelle int\u00e9rieure : <\/strong><span>Cuir<\/span><\/p>\n<p data-rte-preserve-empty=\"true\"><strong>Semelle ext\u00e9rieure : <\/strong><span>Caoutchouc<\/span><\/p>\n<p data-rte-preserve-empty=\"true\"><strong>Type de fermeture : <\/strong><span>Bride(s) \u00e0 boucle<\/span><\/p>\n<p data-rte-preserve-empty=\"true\"><strong>Hauteur de talon : <\/strong><span>3cm<\/span><\/p>\n<p data-rte-preserve-empty=\"true\"><strong>Eco-responsable : <\/strong><span>Cuir tannage v\u00e9g\u00e9tal, Cuirs europ\u00e9ens issus de tanneries responsables Leather Working Group, Doublure cuir sans chrome, Premi\u00e8re cuir sans chrome, Semelle caoutchouc recycl\u00e9 20%<\/span><\/p>\n","protected":false},"excerpt":{"rendered":"<p>Le mod\u00e8le BALLAST VGT est une paire de sandales crant\u00e9es con\u00e7ues \u00e0 partir d&#8217;un cuir europ\u00e9en tann\u00e9 de mani\u00e8re v\u00e9g\u00e9tale au sein d&#8217;une tannerie italienne. Coloris : cognac Type de produit : Sandales \u00e0 brides Pays de fabrication : France Type d\u2019assemblage : Soud\u00e9 Mati\u00e8res principales : Cuir Doublure : Cuir Semelle int\u00e9rieure : Cuir [&hellip;]<\/p>\n","protected":false},"featured_media":2399421,"comment_status":"open","ping_status":"closed","template":"","meta":[],"product_brand":[],"product_cat":[1756,1759],"product_tag":[2244],"acf":[],"_links":{"self":[{"href":"https:\/\/streetmarkets.fr\/app\/wp-json\/wp\/v2\/product\/2399420"}],"collection":[{"href":"https:\/\/streetmarkets.fr\/app\/wp-json\/wp\/v2\/product"}],"about":[{"href":"https:\/\/streetmarkets.fr\/app\/wp-json\/wp\/v2\/types\/product"}],"replies":[{"embeddable":true,"href":"https:\/\/streetmarkets.fr\/app\/wp-json\/wp\/v2\/comments?post=2399420"}],"wp:featuredmedia":[{"embeddable":true,"href":"https:\/\/streetmarkets.fr\/app\/wp-json\/wp\/v2\/media\/2399421"}],"wp:attachment":[{"href":"https:\/\/streetmarkets.fr\/app\/wp-json\/wp\/v2\/media?parent=2399420"}],"wp:term":[{"taxonomy":"product_brand","embeddable":true,"href":"https:\/\/streetmarkets.fr\/app\/wp-json\/wp\/v2\/product_brand?post=2399420"},{"taxonomy":"product_cat","embeddable":true,"href":"https:\/\/streetmarkets.fr\/app\/wp-json\/wp\/v2\/product_cat?post=2399420"},{"taxonomy":"product_tag","embeddable":true,"href":"https:\/\/streetmarkets.fr\/app\/wp-json\/wp\/v2\/product_tag?post=2399420"}],"curies":[{"name":"wp","href":"https:\/\/api.w.org\/{rel}","templated":true}]}}