{"id":2399374,"date":"2025-08-05T01:44:11","date_gmt":"2025-08-04T23:44:11","guid":{"rendered":"https:\/\/streetmarkets.fr\/app\/produit\/sandales-babies-rade-oak-tr-noir-kleman\/"},"modified":"2026-04-11T01:41:32","modified_gmt":"2026-04-10T23:41:32","slug":"sandales-babies-rade-oak-tr-noir-kleman","status":"publish","type":"product","link":"https:\/\/streetmarkets.fr\/app\/produit\/sandales-babies-rade-oak-tr-noir-kleman\/","title":{"rendered":"Sandales Babies RADE OAK TR noir &#8211; KLEMAN"},"content":{"rendered":"<p style=\"text-align: start;\" data-rte-preserve-empty=\"true\">La derni\u00e8re nouveaut\u00e9 sign\u00e9e KLEMAN pour cet \u00e9t\u00e9, le mod\u00e8le tr\u00e8s \u00e9l\u00e9gant RADE OAK TR, une version babies pour les adultes pour un style d\u00e9contract\u00e9 et habill\u00e9.<\/p>\n<p style=\"text-align: start;\" data-rte-preserve-empty=\"true\"><strong>Babies salom\u00e9s crant\u00e9es cuir \u00e9co-responsable noir<\/strong><\/p>\n<p data-rte-preserve-empty=\"true\"><strong>Coloris : <\/strong><span>NOIR<\/span><\/p>\n<p data-rte-preserve-empty=\"true\"><strong>Type de produit : <\/strong><span>Babies salom\u00e9s crant\u00e9es<\/span><\/p>\n<p data-rte-preserve-empty=\"true\"><strong>Type d\u2019assemblage : <\/strong><span>Soud\u00e9<\/span><\/p>\n<p data-rte-preserve-empty=\"true\"><strong>Mati\u00e8res principales : <\/strong><span>Cuir<\/span><\/p>\n<p data-rte-preserve-empty=\"true\"><strong>Doublure : <\/strong><span>Cuir &amp; textile<\/span><\/p>\n<p data-rte-preserve-empty=\"true\"><strong>Semelle int\u00e9rieure : <\/strong><span>Cuir<\/span><\/p>\n<p data-rte-preserve-empty=\"true\"><strong>Semelle ext\u00e9rieure : <\/strong><span>Caoutchouc<\/span><\/p>\n<p data-rte-preserve-empty=\"true\"><strong>Type de fermeture : <\/strong><span>Bride(s) \u00e0 boucle<\/span><\/p>\n<p data-rte-preserve-empty=\"true\"><strong>Hauteur de talon: <\/strong><span>3cm<\/span><\/p>\n<p data-rte-preserve-empty=\"true\"><strong>Eco-responsable : <\/strong><span>Cuir Low Impact sans chrome, Cuirs europ\u00e9ens issus de tanneries responsables Leather Working Group, Semelle recycl\u00e9e<\/span><\/p>\n","protected":false},"excerpt":{"rendered":"<p>La derni\u00e8re nouveaut\u00e9 sign\u00e9e KLEMAN pour cet \u00e9t\u00e9, le mod\u00e8le tr\u00e8s \u00e9l\u00e9gant RADE OAK TR, une version babies pour les adultes pour un style d\u00e9contract\u00e9 et habill\u00e9. Babies salom\u00e9s crant\u00e9es cuir \u00e9co-responsable noir Coloris : NOIR Type de produit : Babies salom\u00e9s crant\u00e9es Type d\u2019assemblage : Soud\u00e9 Mati\u00e8res principales : Cuir Doublure : Cuir &amp; [&hellip;]<\/p>\n","protected":false},"featured_media":2399375,"comment_status":"open","ping_status":"closed","template":"","meta":[],"product_brand":[],"product_cat":[1756,1763],"product_tag":[2244],"acf":[],"_links":{"self":[{"href":"https:\/\/streetmarkets.fr\/app\/wp-json\/wp\/v2\/product\/2399374"}],"collection":[{"href":"https:\/\/streetmarkets.fr\/app\/wp-json\/wp\/v2\/product"}],"about":[{"href":"https:\/\/streetmarkets.fr\/app\/wp-json\/wp\/v2\/types\/product"}],"replies":[{"embeddable":true,"href":"https:\/\/streetmarkets.fr\/app\/wp-json\/wp\/v2\/comments?post=2399374"}],"wp:featuredmedia":[{"embeddable":true,"href":"https:\/\/streetmarkets.fr\/app\/wp-json\/wp\/v2\/media\/2399375"}],"wp:attachment":[{"href":"https:\/\/streetmarkets.fr\/app\/wp-json\/wp\/v2\/media?parent=2399374"}],"wp:term":[{"taxonomy":"product_brand","embeddable":true,"href":"https:\/\/streetmarkets.fr\/app\/wp-json\/wp\/v2\/product_brand?post=2399374"},{"taxonomy":"product_cat","embeddable":true,"href":"https:\/\/streetmarkets.fr\/app\/wp-json\/wp\/v2\/product_cat?post=2399374"},{"taxonomy":"product_tag","embeddable":true,"href":"https:\/\/streetmarkets.fr\/app\/wp-json\/wp\/v2\/product_tag?post=2399374"}],"curies":[{"name":"wp","href":"https:\/\/api.w.org\/{rel}","templated":true}]}}