{"id":2399330,"date":"2025-08-05T01:43:34","date_gmt":"2025-08-04T23:43:34","guid":{"rendered":"https:\/\/streetmarkets.fr\/app\/produit\/mocassins-accore-2-vgt-black-kleman\/"},"modified":"2026-05-07T01:40:41","modified_gmt":"2026-05-06T23:40:41","slug":"mocassins-accore-2-vgt-black-kleman","status":"publish","type":"product","link":"https:\/\/streetmarkets.fr\/app\/produit\/mocassins-accore-2-vgt-black-kleman\/","title":{"rendered":"Mocassins ACCORE 2 VGT black &#8211; KLEMAN"},"content":{"rendered":"<p><strong>Mocassins semelle crant\u00e9e<\/strong><\/p>\n<p><span>KLEMAN vous pr\u00e9sente le ACCORE 2 VGT, une paire de chaussures \u00e9co-responsables con\u00e7ue \u00e0 partir d&#8217;un cuir tann\u00e9 de mani\u00e8re v\u00e9g\u00e9tale au sein d&#8217;une tannerie italienne. Cette technique durable et \u00e9thique donne un aspect authentique et singulier au cuir.<\/span><\/p>\n<p><strong>Pays de fabrication : <\/strong><span>France<\/span><\/p>\n<p><strong>Type d\u2019assemblage : <\/strong><span>Soud\u00e9 + cousu lat\u00e9ral<\/span><\/p>\n<p><strong>Mati\u00e8res principales : <\/strong><span>Cuir<\/span><\/p>\n<p><strong>Doublure : <\/strong><span>Cuir &amp; textile<\/span><\/p>\n<p><strong>Semelle int\u00e9rieure : <\/strong><span>Cuir<\/span><\/p>\n<p><strong>Semelle int\u00e9rieure amovible : <\/strong><span>Oui<\/span><\/p>\n<p><strong>Semelle ext\u00e9rieure : <\/strong><span>Caoutchouc<\/span><\/p>\n<p><strong>Hauteur de talon : <\/strong><span>2cm<\/span><\/p>\n","protected":false},"excerpt":{"rendered":"<p>Mocassins semelle crant\u00e9e KLEMAN vous pr\u00e9sente le ACCORE 2 VGT, une paire de chaussures \u00e9co-responsables con\u00e7ue \u00e0 partir d&#8217;un cuir tann\u00e9 de mani\u00e8re v\u00e9g\u00e9tale au sein d&#8217;une tannerie italienne. Cette technique durable et \u00e9thique donne un aspect authentique et singulier au cuir. Pays de fabrication : France Type d\u2019assemblage : Soud\u00e9 + cousu lat\u00e9ral Mati\u00e8res [&hellip;]<\/p>\n","protected":false},"featured_media":2399331,"comment_status":"open","ping_status":"closed","template":"","meta":[],"product_brand":[],"product_cat":[1756,1759],"product_tag":[2244],"acf":[],"_links":{"self":[{"href":"https:\/\/streetmarkets.fr\/app\/wp-json\/wp\/v2\/product\/2399330"}],"collection":[{"href":"https:\/\/streetmarkets.fr\/app\/wp-json\/wp\/v2\/product"}],"about":[{"href":"https:\/\/streetmarkets.fr\/app\/wp-json\/wp\/v2\/types\/product"}],"replies":[{"embeddable":true,"href":"https:\/\/streetmarkets.fr\/app\/wp-json\/wp\/v2\/comments?post=2399330"}],"wp:featuredmedia":[{"embeddable":true,"href":"https:\/\/streetmarkets.fr\/app\/wp-json\/wp\/v2\/media\/2399331"}],"wp:attachment":[{"href":"https:\/\/streetmarkets.fr\/app\/wp-json\/wp\/v2\/media?parent=2399330"}],"wp:term":[{"taxonomy":"product_brand","embeddable":true,"href":"https:\/\/streetmarkets.fr\/app\/wp-json\/wp\/v2\/product_brand?post=2399330"},{"taxonomy":"product_cat","embeddable":true,"href":"https:\/\/streetmarkets.fr\/app\/wp-json\/wp\/v2\/product_cat?post=2399330"},{"taxonomy":"product_tag","embeddable":true,"href":"https:\/\/streetmarkets.fr\/app\/wp-json\/wp\/v2\/product_tag?post=2399330"}],"curies":[{"name":"wp","href":"https:\/\/api.w.org\/{rel}","templated":true}]}}