{"id":2399302,"date":"2025-08-05T01:43:31","date_gmt":"2025-08-04T23:43:31","guid":{"rendered":"https:\/\/streetmarkets.fr\/app\/produit\/padror-noir-kleman\/"},"modified":"2026-04-30T01:41:22","modified_gmt":"2026-04-29T23:41:22","slug":"padror-noir-kleman","status":"publish","type":"product","link":"https:\/\/streetmarkets.fr\/app\/produit\/padror-noir-kleman\/","title":{"rendered":"PADROR NOIR &#8211; Kleman"},"content":{"rendered":"<p class=\"\">D\u00e9couvrez la marque historique Kleman !<\/p>\n<p class=\"\">Depuis 1988 Kleman chausse de nombreuses entreprises et particuliers en France, un savoir faire inimitable ! Con\u00e7u \u00e0 partir d&#8217;un cuir de vachette issu d&#8217;une tannerie espagnole certifi\u00e9e Leather Working Group, le PADROR a \u00e9t\u00e9 cr\u00e9\u00e9 dans les ann\u00e9es 90 pour les agents de la SNCF. L&#8217;ourlet dentel\u00e9 et les piq\u00fbres fantaisie font l&#8217;identit\u00e9 de ce mod\u00e8le iconique.<\/p>\n<p class=\"\">Chaussures made in France | Derbies semelle crant\u00e9e cuir noir<\/p>\n<p class=\"\"><strong>TYPE D\u2019ASSEMBLAGE<\/strong> : SOUD\u00c9<\/p>\n<p class=\"\"><strong>MATI\u00c8RES PRINCIPALES : <\/strong>CUIR<\/p>\n<p class=\"\"><strong>DOUBLURE : <\/strong>CUIR &amp; TEXTILE<\/p>\n<p class=\"\"><strong>SEMELLE INT\u00c9RIEURE : <\/strong>CUIR<\/p>\n<p class=\"\"><strong>SEMELLE EXT\u00c9RIEURE : <\/strong>CAOUTCHOUC<\/p>\n<p class=\"\"><strong>HAUTEUR DE TALON : <\/strong>3CM<\/p>\n","protected":false},"excerpt":{"rendered":"<p>D\u00e9couvrez la marque historique Kleman ! Depuis 1988 Kleman chausse de nombreuses entreprises et particuliers en France, un savoir faire inimitable ! Con\u00e7u \u00e0 partir d&#8217;un cuir de vachette issu d&#8217;une tannerie espagnole certifi\u00e9e Leather Working Group, le PADROR a \u00e9t\u00e9 cr\u00e9\u00e9 dans les ann\u00e9es 90 pour les agents de la SNCF. L&#8217;ourlet dentel\u00e9 et [&hellip;]<\/p>\n","protected":false},"featured_media":2399303,"comment_status":"open","ping_status":"closed","template":"","meta":[],"product_brand":[],"product_cat":[1756,1759],"product_tag":[2244],"acf":[],"_links":{"self":[{"href":"https:\/\/streetmarkets.fr\/app\/wp-json\/wp\/v2\/product\/2399302"}],"collection":[{"href":"https:\/\/streetmarkets.fr\/app\/wp-json\/wp\/v2\/product"}],"about":[{"href":"https:\/\/streetmarkets.fr\/app\/wp-json\/wp\/v2\/types\/product"}],"replies":[{"embeddable":true,"href":"https:\/\/streetmarkets.fr\/app\/wp-json\/wp\/v2\/comments?post=2399302"}],"wp:featuredmedia":[{"embeddable":true,"href":"https:\/\/streetmarkets.fr\/app\/wp-json\/wp\/v2\/media\/2399303"}],"wp:attachment":[{"href":"https:\/\/streetmarkets.fr\/app\/wp-json\/wp\/v2\/media?parent=2399302"}],"wp:term":[{"taxonomy":"product_brand","embeddable":true,"href":"https:\/\/streetmarkets.fr\/app\/wp-json\/wp\/v2\/product_brand?post=2399302"},{"taxonomy":"product_cat","embeddable":true,"href":"https:\/\/streetmarkets.fr\/app\/wp-json\/wp\/v2\/product_cat?post=2399302"},{"taxonomy":"product_tag","embeddable":true,"href":"https:\/\/streetmarkets.fr\/app\/wp-json\/wp\/v2\/product_tag?post=2399302"}],"curies":[{"name":"wp","href":"https:\/\/api.w.org\/{rel}","templated":true}]}}