{"id":2399275,"date":"2025-08-05T01:43:28","date_gmt":"2025-08-04T23:43:28","guid":{"rendered":"https:\/\/streetmarkets.fr\/app\/produit\/baskets-gen2-all-in-pastel-leaf-moea\/"},"modified":"2026-04-30T01:41:21","modified_gmt":"2026-04-29T23:41:21","slug":"baskets-gen2-all-in-pastel-leaf-moea","status":"publish","type":"product","link":"https:\/\/streetmarkets.fr\/app\/produit\/baskets-gen2-all-in-pastel-leaf-moea\/","title":{"rendered":"Baskets GEN2 All In Pastel Leaf &#8211; MOEA"},"content":{"rendered":"<h3 data-rte-preserve-empty=\"true\"><strong>Baskets MOEA GEN2 All-In \u2013 Le Mix Ultime de Biomat\u00e9riaux<\/strong><\/h3>\n<p data-rte-preserve-empty=\"true\"><strong>Un mod\u00e8le. Tous vos biomat\u00e9riaux pr\u00e9f\u00e9r\u00e9s.<\/strong><\/p>\n<p data-rte-preserve-empty=\"true\">La <strong>GEN2 All-In<\/strong> combine le meilleur de nos innovations : <strong>OrangeSkin\u2122, CornSkin\u2122, MushroomSkin\u2122, CactusSkin\u2122 et GrapeSkin\u2122<\/strong>. Un mod\u00e8le unique qui unit style, \u00e9thique et innovation durable.<\/p>\n<h4 data-rte-preserve-empty=\"true\"><strong>Pourquoi choisir la GEN2 All-In ?<\/strong><\/h4>\n<p data-rte-preserve-empty=\"true\">\u2714 <strong>Un mix exclusif<\/strong> : 5 biomat\u00e9riaux naturels pour une basket unique.<br \/>\u2714 <strong>Certifi\u00e9e VEGAN par PETA<\/strong> : garantie 100 % cruelty-free.<br \/>\u2714 <strong>Design r\u00e9tro cool<\/strong> : silhouette inspir\u00e9e des ann\u00e9es 80, vibes urbaines et sportives.<br \/>\u2714 <strong>Empreinte carbone r\u00e9duite<\/strong> : -71 % d\u2019\u00e9missions par rapport au cuir animal (8,74 kg CO\u2082 seulement).<\/p>\n<h4 data-rte-preserve-empty=\"true\"><strong>Caract\u00e9ristiques<\/strong><\/h4>\n<ul data-rte-list=\"true\">\n<li>\n<p data-rte-preserve-empty=\"true\">Mati\u00e8res : <strong>OrangeSkin\u2122, CornSkin\u2122, MushroomSkin\u2122, CactusSkin\u2122, GrapeSkin\u2122<\/strong><\/p>\n<\/li>\n<li>\n<p data-rte-preserve-empty=\"true\">Certification : <strong>Vegan PETA<\/strong><\/p>\n<\/li>\n<li>\n<p data-rte-preserve-empty=\"true\">Style : r\u00e9tro basketball<\/p>\n<\/li>\n<li>\n<p data-rte-preserve-empty=\"true\">Semelle : \u00e9paisse mais l\u00e9g\u00e8re, confort optimal<\/p>\n<\/li>\n<li>\n<p data-rte-preserve-empty=\"true\">Coloris : multiton (textures vari\u00e9es)<\/p>\n<\/li>\n<\/ul>\n<p data-rte-preserve-empty=\"true\">\ud83d\udc9a <strong>Une sneaker qui rassemble l\u2019innovation et le style.<\/strong> Parce que choisir, c\u2019est parfois difficile\u2026 Nous avons tout r\u00e9uni pour vous.<\/p>\n","protected":false},"excerpt":{"rendered":"<p>Baskets MOEA GEN2 All-In \u2013 Le Mix Ultime de Biomat\u00e9riaux Un mod\u00e8le. Tous vos biomat\u00e9riaux pr\u00e9f\u00e9r\u00e9s. La GEN2 All-In combine le meilleur de nos innovations : OrangeSkin\u2122, CornSkin\u2122, MushroomSkin\u2122, CactusSkin\u2122 et GrapeSkin\u2122. Un mod\u00e8le unique qui unit style, \u00e9thique et innovation durable. Pourquoi choisir la GEN2 All-In ? \u2714 Un mix exclusif : 5 biomat\u00e9riaux [&hellip;]<\/p>\n","protected":false},"featured_media":2399276,"comment_status":"open","ping_status":"closed","template":"","meta":[],"product_brand":[],"product_cat":[1756,1759],"product_tag":[2244],"acf":[],"_links":{"self":[{"href":"https:\/\/streetmarkets.fr\/app\/wp-json\/wp\/v2\/product\/2399275"}],"collection":[{"href":"https:\/\/streetmarkets.fr\/app\/wp-json\/wp\/v2\/product"}],"about":[{"href":"https:\/\/streetmarkets.fr\/app\/wp-json\/wp\/v2\/types\/product"}],"replies":[{"embeddable":true,"href":"https:\/\/streetmarkets.fr\/app\/wp-json\/wp\/v2\/comments?post=2399275"}],"wp:featuredmedia":[{"embeddable":true,"href":"https:\/\/streetmarkets.fr\/app\/wp-json\/wp\/v2\/media\/2399276"}],"wp:attachment":[{"href":"https:\/\/streetmarkets.fr\/app\/wp-json\/wp\/v2\/media?parent=2399275"}],"wp:term":[{"taxonomy":"product_brand","embeddable":true,"href":"https:\/\/streetmarkets.fr\/app\/wp-json\/wp\/v2\/product_brand?post=2399275"},{"taxonomy":"product_cat","embeddable":true,"href":"https:\/\/streetmarkets.fr\/app\/wp-json\/wp\/v2\/product_cat?post=2399275"},{"taxonomy":"product_tag","embeddable":true,"href":"https:\/\/streetmarkets.fr\/app\/wp-json\/wp\/v2\/product_tag?post=2399275"}],"curies":[{"name":"wp","href":"https:\/\/api.w.org\/{rel}","templated":true}]}}