{"id":2399263,"date":"2025-08-05T01:43:26","date_gmt":"2025-08-04T23:43:26","guid":{"rendered":"https:\/\/streetmarkets.fr\/app\/produit\/baskets-gen2-mushroom-white-and-blue-moea\/"},"modified":"2026-05-14T01:40:50","modified_gmt":"2026-05-13T23:40:50","slug":"baskets-gen2-mushroom-white-and-blue-moea","status":"publish","type":"product","link":"https:\/\/streetmarkets.fr\/app\/produit\/baskets-gen2-mushroom-white-and-blue-moea\/","title":{"rendered":"Baskets GEN2 Mushroom &#8211; white and blue &#8211; MOEA"},"content":{"rendered":"<p data-rte-preserve-empty=\"true\"><strong>Transformer les champignons en baskets.<\/strong><br \/>Chez MOEA, nous croyons en une mode respectueuse de la plan\u00e8te et des animaux. Avec <strong>MushroomSkin\u2122<\/strong>, nous transformons des ressources naturelles en baskets \u00e9l\u00e9gantes et durables.<\/p>\n<p data-rte-preserve-empty=\"true\">Les <strong>GEN2 Mushroom<\/strong> incarnent cet engagement : une silhouette r\u00e9tro inspir\u00e9e des ann\u00e9es 80, une semelle confortable et l\u00e9g\u00e8re, et surtout, <strong>z\u00e9ro cuir animal, z\u00e9ro plastique<\/strong>. Certifi\u00e9es <strong>Vegan par PETA<\/strong>, elles affichent une <strong>empreinte carbone r\u00e9duite de 71 %<\/strong> par rapport \u00e0 une basket classique en cuir.<\/p>\n<p data-rte-preserve-empty=\"true\">Une nouvelle g\u00e9n\u00e9ration de baskets est n\u00e9e. \u00cates-vous pr\u00eat \u00e0 marcher vers le futur ?<\/p>\n","protected":false},"excerpt":{"rendered":"<p>Transformer les champignons en baskets.Chez MOEA, nous croyons en une mode respectueuse de la plan\u00e8te et des animaux. Avec MushroomSkin\u2122, nous transformons des ressources naturelles en baskets \u00e9l\u00e9gantes et durables. Les GEN2 Mushroom incarnent cet engagement : une silhouette r\u00e9tro inspir\u00e9e des ann\u00e9es 80, une semelle confortable et l\u00e9g\u00e8re, et surtout, z\u00e9ro cuir animal, z\u00e9ro [&hellip;]<\/p>\n","protected":false},"featured_media":2399264,"comment_status":"open","ping_status":"closed","template":"","meta":[],"product_brand":[],"product_cat":[1756,1759],"product_tag":[2244],"acf":[],"_links":{"self":[{"href":"https:\/\/streetmarkets.fr\/app\/wp-json\/wp\/v2\/product\/2399263"}],"collection":[{"href":"https:\/\/streetmarkets.fr\/app\/wp-json\/wp\/v2\/product"}],"about":[{"href":"https:\/\/streetmarkets.fr\/app\/wp-json\/wp\/v2\/types\/product"}],"replies":[{"embeddable":true,"href":"https:\/\/streetmarkets.fr\/app\/wp-json\/wp\/v2\/comments?post=2399263"}],"wp:featuredmedia":[{"embeddable":true,"href":"https:\/\/streetmarkets.fr\/app\/wp-json\/wp\/v2\/media\/2399264"}],"wp:attachment":[{"href":"https:\/\/streetmarkets.fr\/app\/wp-json\/wp\/v2\/media?parent=2399263"}],"wp:term":[{"taxonomy":"product_brand","embeddable":true,"href":"https:\/\/streetmarkets.fr\/app\/wp-json\/wp\/v2\/product_brand?post=2399263"},{"taxonomy":"product_cat","embeddable":true,"href":"https:\/\/streetmarkets.fr\/app\/wp-json\/wp\/v2\/product_cat?post=2399263"},{"taxonomy":"product_tag","embeddable":true,"href":"https:\/\/streetmarkets.fr\/app\/wp-json\/wp\/v2\/product_tag?post=2399263"}],"curies":[{"name":"wp","href":"https:\/\/api.w.org\/{rel}","templated":true}]}}