{"id":2399168,"date":"2025-08-05T01:43:15","date_gmt":"2025-08-04T23:43:15","guid":{"rendered":"https:\/\/streetmarkets.fr\/app\/produit\/baskets-gen2-pastel-drop-moea\/"},"modified":"2026-04-30T01:40:42","modified_gmt":"2026-04-29T23:40:42","slug":"baskets-gen2-pastel-drop-moea","status":"publish","type":"product","link":"https:\/\/streetmarkets.fr\/app\/produit\/baskets-gen2-pastel-drop-moea\/","title":{"rendered":"Baskets &#8211; GEN2 Pastel Drop &#8211; MOEA"},"content":{"rendered":"<p data-rte-preserve-empty=\"true\">La GEN2 de MOEA c\u2019est avant tout le m\u00e9lange entre le respect de l\u2019environnement et le style !<\/p>\n<p data-rte-preserve-empty=\"true\">Des baskets enti\u00e8rement v\u00e9gan avec une alchimie des couleurs parfaite !<\/p>\n<p data-rte-preserve-empty=\"true\"><span>\ud83c\udf08 Tous vos biomat\u00e9riaux pr\u00e9f\u00e9r\u00e9s dans un seul style<\/span><br \/><span>GEN2 Pink Yellow est un m\u00e9lange de tous nos biomat\u00e9riaux : PineappleSkin, CornSkin, GrapeSkin.<\/span><\/p>\n<p><span>\ud83e\udd1d R\u00e9tro cool, vous avez dit ?<\/span><br \/><span>GEN2 est une fusion de l&#8217;esth\u00e9tique basket vintage et des vibrations urbaines contemporaines. Avec ses m\u00e9langes de textures et sa silhouette vibrante inspir\u00e9e des ann\u00e9es 80, la GEN2 capture l&#8217;essence du r\u00e9tro cool. La semelle \u00e9paisse mais l\u00e9g\u00e8re ajoute une touche d&#8217;athl\u00e9tisme, ce qui en fait le choix de pr\u00e9dilection pour tous les environnements urbains<\/span><\/p>\n<p data-rte-preserve-empty=\"true\">Fabrication au Portugal, marque fran\u00e7aise.<\/p>\n","protected":false},"excerpt":{"rendered":"<p>La GEN2 de MOEA c\u2019est avant tout le m\u00e9lange entre le respect de l\u2019environnement et le style ! Des baskets enti\u00e8rement v\u00e9gan avec une alchimie des couleurs parfaite ! \ud83c\udf08 Tous vos biomat\u00e9riaux pr\u00e9f\u00e9r\u00e9s dans un seul styleGEN2 Pink Yellow est un m\u00e9lange de tous nos biomat\u00e9riaux : PineappleSkin, CornSkin, GrapeSkin. \ud83e\udd1d R\u00e9tro cool, vous [&hellip;]<\/p>\n","protected":false},"featured_media":2399169,"comment_status":"open","ping_status":"closed","template":"","meta":[],"product_brand":[],"product_cat":[1756,1759],"product_tag":[2244],"acf":[],"_links":{"self":[{"href":"https:\/\/streetmarkets.fr\/app\/wp-json\/wp\/v2\/product\/2399168"}],"collection":[{"href":"https:\/\/streetmarkets.fr\/app\/wp-json\/wp\/v2\/product"}],"about":[{"href":"https:\/\/streetmarkets.fr\/app\/wp-json\/wp\/v2\/types\/product"}],"replies":[{"embeddable":true,"href":"https:\/\/streetmarkets.fr\/app\/wp-json\/wp\/v2\/comments?post=2399168"}],"wp:featuredmedia":[{"embeddable":true,"href":"https:\/\/streetmarkets.fr\/app\/wp-json\/wp\/v2\/media\/2399169"}],"wp:attachment":[{"href":"https:\/\/streetmarkets.fr\/app\/wp-json\/wp\/v2\/media?parent=2399168"}],"wp:term":[{"taxonomy":"product_brand","embeddable":true,"href":"https:\/\/streetmarkets.fr\/app\/wp-json\/wp\/v2\/product_brand?post=2399168"},{"taxonomy":"product_cat","embeddable":true,"href":"https:\/\/streetmarkets.fr\/app\/wp-json\/wp\/v2\/product_cat?post=2399168"},{"taxonomy":"product_tag","embeddable":true,"href":"https:\/\/streetmarkets.fr\/app\/wp-json\/wp\/v2\/product_tag?post=2399168"}],"curies":[{"name":"wp","href":"https:\/\/api.w.org\/{rel}","templated":true}]}}