{"id":2399030,"date":"2025-08-05T01:42:55","date_gmt":"2025-08-04T23:42:55","guid":{"rendered":"https:\/\/streetmarkets.fr\/app\/produit\/beta-b1-vert-zeta\/"},"modified":"2026-04-30T01:40:41","modified_gmt":"2026-04-29T23:40:41","slug":"beta-b1-vert-zeta","status":"publish","type":"product","link":"https:\/\/streetmarkets.fr\/app\/produit\/beta-b1-vert-zeta\/","title":{"rendered":"B\u00eata B1 &#8211; Vert &#8211; ZETA"},"content":{"rendered":"<p class=\"\">C\u2019est la grande tendance des baskets Vegan !<\/p>\n<p class=\"\">Zeta vous propose un style en toute simplicit\u00e9. Des chaussures dont on ne peut pas se passer et qui sont tr\u00e8s confortables, parfaites pour etre port\u00e9es au quotidien.<\/p>\n<p class=\"\">Leur allure un peu retro avec cette petite touche de couleur finira parfaitement vos look. <\/p>\n<p class=\"\">Composition : <\/p>\n<ul data-rte-list=\"default\">\n<li>\n<p class=\"\"><strong>Ext\u00e9rieur<\/strong> mati\u00e8re v\u00e9g\u00e9tale fabriqu\u00e9e \u00e0 partir de c\u00e9r\u00e9ales sans pesticides (73% de Bio PU + 27% de polyester recycl\u00e9)<\/p>\n<\/li>\n<li>\n<p class=\"\"><strong>Doublure int\u00e9rieure<\/strong> coton recycl\u00e9 (80%) + PES (20%)<\/p>\n<\/li>\n<li>\n<p class=\"\"><strong>Lacets<\/strong> : coton recycl\u00e9 (100%)<\/p>\n<\/li>\n<li>\n<p class=\"\"><strong>Semelle int\u00e9rieure amovible<\/strong> mousse recycl\u00e9e (100%)<\/p>\n<\/li>\n<li>\n<p class=\"\"><strong>Semelle ext\u00e9rieure<\/strong> caoutchouc synth\u00e9tique recycl\u00e9 (40%)<\/p>\n<\/li>\n<li>\n<p class=\"\"><strong>Colle <\/strong>vegan faite \u00e0 partir de r\u00e9sine<\/p>\n<\/li>\n<li>\n<p class=\"\"><strong>\u00c9tiquette <\/strong>polyester recycl\u00e9<\/p>\n<\/li>\n<\/ul>\n","protected":false},"excerpt":{"rendered":"<p>C\u2019est la grande tendance des baskets Vegan ! Zeta vous propose un style en toute simplicit\u00e9. Des chaussures dont on ne peut pas se passer et qui sont tr\u00e8s confortables, parfaites pour etre port\u00e9es au quotidien. Leur allure un peu retro avec cette petite touche de couleur finira parfaitement vos look. Composition : Ext\u00e9rieur mati\u00e8re [&hellip;]<\/p>\n","protected":false},"featured_media":2399031,"comment_status":"open","ping_status":"closed","template":"","meta":[],"product_brand":[],"product_cat":[1756,1759],"product_tag":[2244],"acf":[],"_links":{"self":[{"href":"https:\/\/streetmarkets.fr\/app\/wp-json\/wp\/v2\/product\/2399030"}],"collection":[{"href":"https:\/\/streetmarkets.fr\/app\/wp-json\/wp\/v2\/product"}],"about":[{"href":"https:\/\/streetmarkets.fr\/app\/wp-json\/wp\/v2\/types\/product"}],"replies":[{"embeddable":true,"href":"https:\/\/streetmarkets.fr\/app\/wp-json\/wp\/v2\/comments?post=2399030"}],"wp:featuredmedia":[{"embeddable":true,"href":"https:\/\/streetmarkets.fr\/app\/wp-json\/wp\/v2\/media\/2399031"}],"wp:attachment":[{"href":"https:\/\/streetmarkets.fr\/app\/wp-json\/wp\/v2\/media?parent=2399030"}],"wp:term":[{"taxonomy":"product_brand","embeddable":true,"href":"https:\/\/streetmarkets.fr\/app\/wp-json\/wp\/v2\/product_brand?post=2399030"},{"taxonomy":"product_cat","embeddable":true,"href":"https:\/\/streetmarkets.fr\/app\/wp-json\/wp\/v2\/product_cat?post=2399030"},{"taxonomy":"product_tag","embeddable":true,"href":"https:\/\/streetmarkets.fr\/app\/wp-json\/wp\/v2\/product_tag?post=2399030"}],"curies":[{"name":"wp","href":"https:\/\/api.w.org\/{rel}","templated":true}]}}