{"id":2366335,"date":"2025-08-01T01:40:11","date_gmt":"2025-07-31T23:40:11","guid":{"rendered":"https:\/\/streetmarkets.fr\/app\/produit\/haut-print-nature\/"},"modified":"2026-05-05T01:39:48","modified_gmt":"2026-05-04T23:39:48","slug":"haut-print-nature","status":"publish","type":"product","link":"https:\/\/streetmarkets.fr\/app\/produit\/haut-print-nature\/","title":{"rendered":"HAUT PRINT NATURE"},"content":{"rendered":"<p>HAUT PLISS\u00c9 PRINT NATURE. FABRIQU\u00c9 AU JAPON. ISSEY MIYAKE LIGNE PLEATS PLEASE.\u00a0<\/p>\n<p>COMPOSITION : 100% POLYESTER\u00a0<\/p>\n<p>TAILLE : NON INDIQU\u00c9\u00a0<\/p>\n<p>(VOIR LES MESURES \u00c0 PLAT)<\/p>\n<p>VOUS POUVEZ VENIR ESSAYER CETTE PI\u00c8CE DANS NOTRE BOUTIQUE SITU\u00c9E \u00c0 PARIS.\u00a0<\/p>\n<p>MESURES \u00c0 PLAT : CARRURE 32 CM POITRINE 43CM LONGUEUR 71CM<\/p>\n<p>CONDITIONS :\u00a0PARFAIT \u00c9TAT<\/p>\n<p>N&#8217;OUBLIEZ PAS QU&#8217;IL S&#8217;AGIT D&#8217;UNE PI\u00c8CE VINTAGE RARE QUI A SOIGNEUSEMENT \u00c9T\u00c9 S\u00c9LECTIONN\u00c9E. LE TEMPS PEUT PARFOIS LAISSER DES PETITS D\u00c9FAUTS, CE QUI REND LA PI\u00c8CE ENCORE PLUS UNIQUE. MERCI DE L&#8217;AIMER TEL QU&#8217;ELLE EST &lt;3<\/p>\n","protected":false},"excerpt":{"rendered":"<p>HAUT PLISS\u00c9 PRINT NATURE. FABRIQU\u00c9 AU JAPON. ISSEY MIYAKE LIGNE PLEATS PLEASE.\u00a0 COMPOSITION : 100% POLYESTER\u00a0 TAILLE : NON INDIQU\u00c9\u00a0 (VOIR LES MESURES \u00c0 PLAT) VOUS POUVEZ VENIR ESSAYER CETTE PI\u00c8CE DANS NOTRE BOUTIQUE SITU\u00c9E \u00c0 PARIS.\u00a0 MESURES \u00c0 PLAT : CARRURE 32 CM POITRINE 43CM LONGUEUR 71CM CONDITIONS :\u00a0PARFAIT \u00c9TAT N&#8217;OUBLIEZ PAS QU&#8217;IL S&#8217;AGIT [&hellip;]<\/p>\n","protected":false},"featured_media":2366336,"comment_status":"open","ping_status":"closed","template":"","meta":[],"product_brand":[],"product_cat":[1756,1758],"product_tag":[2122],"acf":[],"_links":{"self":[{"href":"https:\/\/streetmarkets.fr\/app\/wp-json\/wp\/v2\/product\/2366335"}],"collection":[{"href":"https:\/\/streetmarkets.fr\/app\/wp-json\/wp\/v2\/product"}],"about":[{"href":"https:\/\/streetmarkets.fr\/app\/wp-json\/wp\/v2\/types\/product"}],"replies":[{"embeddable":true,"href":"https:\/\/streetmarkets.fr\/app\/wp-json\/wp\/v2\/comments?post=2366335"}],"wp:featuredmedia":[{"embeddable":true,"href":"https:\/\/streetmarkets.fr\/app\/wp-json\/wp\/v2\/media\/2366336"}],"wp:attachment":[{"href":"https:\/\/streetmarkets.fr\/app\/wp-json\/wp\/v2\/media?parent=2366335"}],"wp:term":[{"taxonomy":"product_brand","embeddable":true,"href":"https:\/\/streetmarkets.fr\/app\/wp-json\/wp\/v2\/product_brand?post=2366335"},{"taxonomy":"product_cat","embeddable":true,"href":"https:\/\/streetmarkets.fr\/app\/wp-json\/wp\/v2\/product_cat?post=2366335"},{"taxonomy":"product_tag","embeddable":true,"href":"https:\/\/streetmarkets.fr\/app\/wp-json\/wp\/v2\/product_tag?post=2366335"}],"curies":[{"name":"wp","href":"https:\/\/api.w.org\/{rel}","templated":true}]}}