{"id":2366195,"date":"2025-07-31T06:51:42","date_gmt":"2025-07-31T04:51:42","guid":{"rendered":"https:\/\/streetmarkets.fr\/app\/produit\/carte-cadeau-harold-250-euros\/"},"modified":"2026-03-16T05:48:47","modified_gmt":"2026-03-16T04:48:47","slug":"carte-cadeau-harold-250-euros","status":"publish","type":"product","link":"https:\/\/streetmarkets.fr\/app\/produit\/carte-cadeau-harold-250-euros\/","title":{"rendered":"Carte Cadeau Harold &#8211; 250 euros"},"content":{"rendered":"<div data-fixture=\"\" data-name=\"description\" data-format=\"text\" class=\"u-mt-sm\">\n<p>Gr\u00e2ce \u00e0 notre carte cadeau d&#8217;un montant de <strong>250\u20ac<\/strong>, <strong>vous \u00eates s\u00fbr de lui faire plaisir <\/strong>!<br \/>Elle pourra \u00eatre utilis\u00e9e sur notre boutique en ligne et dans notre magasin Harold \u00e0 Paris.<\/p>\n<\/div>\n<ul data-editable=\"\" data-name=\"technicalDescription\" data-format=\"list\" class=\"c-list u-mt-sm\">\n<li style=\"font-weight: bold\"><strong>Valable 1 an<\/strong><\/li>\n<li>Disponible <strong>par e-mail ou pas SMS<\/strong>\n<\/li>\n<li>Ce produit <strong>ne peut pas \u00eatre retourn\u00e9 ou rembours\u00e9<\/strong>\n<\/li>\n<li>Valable <strong>uniquement pour des achats en euros<\/strong>\n<\/li>\n<li>Le solde <strong>peut \u00eatre utilis\u00e9 pour plusieurs achats<\/strong>, tant qu&#8217;il reste un solde disponible sur la carte<\/li>\n<li>Pour les commandes en ligne, le solde de la carte cadeau est appliqu\u00e9 \u00e0 la valeur totale d&#8217;une commande, y compris les taxes et les frais de livraison<\/li>\n<li>Plusieurs cartes cadeaux peuvent \u00eatre utilis\u00e9es pour une seule commande.<\/li>\n<li>Une carte cadeau <strong>ne peut pas \u00eatre utilis\u00e9e pour acheter une autre carte cadeau<\/strong>.<\/li>\n<\/ul>\n","protected":false},"excerpt":{"rendered":"<p>Gr\u00e2ce \u00e0 notre carte cadeau d&#8217;un montant de 250\u20ac, vous \u00eates s\u00fbr de lui faire plaisir !Elle pourra \u00eatre utilis\u00e9e sur notre boutique en ligne et dans notre magasin Harold \u00e0 Paris. Valable 1 an Disponible par e-mail ou pas SMS Ce produit ne peut pas \u00eatre retourn\u00e9 ou rembours\u00e9 Valable uniquement pour des achats [&hellip;]<\/p>\n","protected":false},"featured_media":2366196,"comment_status":"open","ping_status":"closed","template":"","meta":[],"product_brand":[],"product_cat":[1756,1760],"product_tag":[2244],"acf":[],"_links":{"self":[{"href":"https:\/\/streetmarkets.fr\/app\/wp-json\/wp\/v2\/product\/2366195"}],"collection":[{"href":"https:\/\/streetmarkets.fr\/app\/wp-json\/wp\/v2\/product"}],"about":[{"href":"https:\/\/streetmarkets.fr\/app\/wp-json\/wp\/v2\/types\/product"}],"replies":[{"embeddable":true,"href":"https:\/\/streetmarkets.fr\/app\/wp-json\/wp\/v2\/comments?post=2366195"}],"wp:featuredmedia":[{"embeddable":true,"href":"https:\/\/streetmarkets.fr\/app\/wp-json\/wp\/v2\/media\/2366196"}],"wp:attachment":[{"href":"https:\/\/streetmarkets.fr\/app\/wp-json\/wp\/v2\/media?parent=2366195"}],"wp:term":[{"taxonomy":"product_brand","embeddable":true,"href":"https:\/\/streetmarkets.fr\/app\/wp-json\/wp\/v2\/product_brand?post=2366195"},{"taxonomy":"product_cat","embeddable":true,"href":"https:\/\/streetmarkets.fr\/app\/wp-json\/wp\/v2\/product_cat?post=2366195"},{"taxonomy":"product_tag","embeddable":true,"href":"https:\/\/streetmarkets.fr\/app\/wp-json\/wp\/v2\/product_tag?post=2366195"}],"curies":[{"name":"wp","href":"https:\/\/api.w.org\/{rel}","templated":true}]}}