{"id":2360434,"date":"2025-07-31T01:53:56","date_gmt":"2025-07-30T23:53:56","guid":{"rendered":"https:\/\/streetmarkets.fr\/app\/produit\/bracelet-paola\/"},"modified":"2026-05-04T01:50:49","modified_gmt":"2026-05-03T23:50:49","slug":"bracelet-paola","status":"publish","type":"product","link":"https:\/\/streetmarkets.fr\/app\/produit\/bracelet-paola\/","title":{"rendered":"Bracelet &#8211; Paola"},"content":{"rendered":"<p>Le bracelet Paola est une invitation \u00e0 l\u2019\u00e9quilibre et \u00e0 la s\u00e9r\u00e9nit\u00e9. Compos\u00e9 <span>de labradorites et de tourmalines<\/span>, il accompagne celles et ceux qui souhaitent mieux se conna\u00eetre et avancer avec s\u00e9r\u00e9nit\u00e9.<\/p>\n<p>Port\u00e9 au quotidien, ce bracelet devient un talisman discret, alliant style et sens<\/p>\n","protected":false},"excerpt":{"rendered":"<p>Le bracelet Paola est une invitation \u00e0 l\u2019\u00e9quilibre et \u00e0 la s\u00e9r\u00e9nit\u00e9. Compos\u00e9 de labradorites et de tourmalines, il accompagne celles et ceux qui souhaitent mieux se conna\u00eetre et avancer avec s\u00e9r\u00e9nit\u00e9. Port\u00e9 au quotidien, ce bracelet devient un talisman discret, alliant style et sens<\/p>\n","protected":false},"featured_media":2360435,"comment_status":"open","ping_status":"closed","template":"","meta":[],"product_brand":[],"product_cat":[1807,1756],"product_tag":[2244],"acf":[],"_links":{"self":[{"href":"https:\/\/streetmarkets.fr\/app\/wp-json\/wp\/v2\/product\/2360434"}],"collection":[{"href":"https:\/\/streetmarkets.fr\/app\/wp-json\/wp\/v2\/product"}],"about":[{"href":"https:\/\/streetmarkets.fr\/app\/wp-json\/wp\/v2\/types\/product"}],"replies":[{"embeddable":true,"href":"https:\/\/streetmarkets.fr\/app\/wp-json\/wp\/v2\/comments?post=2360434"}],"wp:featuredmedia":[{"embeddable":true,"href":"https:\/\/streetmarkets.fr\/app\/wp-json\/wp\/v2\/media\/2360435"}],"wp:attachment":[{"href":"https:\/\/streetmarkets.fr\/app\/wp-json\/wp\/v2\/media?parent=2360434"}],"wp:term":[{"taxonomy":"product_brand","embeddable":true,"href":"https:\/\/streetmarkets.fr\/app\/wp-json\/wp\/v2\/product_brand?post=2360434"},{"taxonomy":"product_cat","embeddable":true,"href":"https:\/\/streetmarkets.fr\/app\/wp-json\/wp\/v2\/product_cat?post=2360434"},{"taxonomy":"product_tag","embeddable":true,"href":"https:\/\/streetmarkets.fr\/app\/wp-json\/wp\/v2\/product_tag?post=2360434"}],"curies":[{"name":"wp","href":"https:\/\/api.w.org\/{rel}","templated":true}]}}