{"id":2360360,"date":"2025-07-31T01:52:11","date_gmt":"2025-07-30T23:52:11","guid":{"rendered":"https:\/\/streetmarkets.fr\/app\/produit\/bracelet-prerana\/"},"modified":"2026-05-09T01:49:40","modified_gmt":"2026-05-08T23:49:40","slug":"bracelet-prerana","status":"publish","type":"product","link":"https:\/\/streetmarkets.fr\/app\/produit\/bracelet-prerana\/","title":{"rendered":"Bracelet &#8211; Prerana"},"content":{"rendered":"<p>Le bracelet Prerana <span>lumineux et vibrant \u00e9voque un esprit de joie, de bonheur et de lumi\u00e8re, capturant l&#8217;\u00e9clat des couleurs claires et vives qui le composent<\/span>.<\/p>\n<p><span>C&#8217;est un symbole de transformation et d&#8217;optimisme, illuminant le chemin de ceux qui cherchent \u00e0 d\u00e9couvrir la lumi\u00e8re int\u00e9rieure et \u00e0 trouver la joie dans chaque instant de vie.\u00a0<\/span><\/p>\n<p>Port\u00e9 au quotidien, ce bracelet devient un talisman discret, alliant style et sens<\/p>\n","protected":false},"excerpt":{"rendered":"<p>Le bracelet Prerana lumineux et vibrant \u00e9voque un esprit de joie, de bonheur et de lumi\u00e8re, capturant l&#8217;\u00e9clat des couleurs claires et vives qui le composent. C&#8217;est un symbole de transformation et d&#8217;optimisme, illuminant le chemin de ceux qui cherchent \u00e0 d\u00e9couvrir la lumi\u00e8re int\u00e9rieure et \u00e0 trouver la joie dans chaque instant de vie.\u00a0 [&hellip;]<\/p>\n","protected":false},"featured_media":2360361,"comment_status":"open","ping_status":"closed","template":"","meta":[],"product_brand":[],"product_cat":[1807,1756],"product_tag":[2244],"acf":[],"_links":{"self":[{"href":"https:\/\/streetmarkets.fr\/app\/wp-json\/wp\/v2\/product\/2360360"}],"collection":[{"href":"https:\/\/streetmarkets.fr\/app\/wp-json\/wp\/v2\/product"}],"about":[{"href":"https:\/\/streetmarkets.fr\/app\/wp-json\/wp\/v2\/types\/product"}],"replies":[{"embeddable":true,"href":"https:\/\/streetmarkets.fr\/app\/wp-json\/wp\/v2\/comments?post=2360360"}],"wp:featuredmedia":[{"embeddable":true,"href":"https:\/\/streetmarkets.fr\/app\/wp-json\/wp\/v2\/media\/2360361"}],"wp:attachment":[{"href":"https:\/\/streetmarkets.fr\/app\/wp-json\/wp\/v2\/media?parent=2360360"}],"wp:term":[{"taxonomy":"product_brand","embeddable":true,"href":"https:\/\/streetmarkets.fr\/app\/wp-json\/wp\/v2\/product_brand?post=2360360"},{"taxonomy":"product_cat","embeddable":true,"href":"https:\/\/streetmarkets.fr\/app\/wp-json\/wp\/v2\/product_cat?post=2360360"},{"taxonomy":"product_tag","embeddable":true,"href":"https:\/\/streetmarkets.fr\/app\/wp-json\/wp\/v2\/product_tag?post=2360360"}],"curies":[{"name":"wp","href":"https:\/\/api.w.org\/{rel}","templated":true}]}}