{"id":2360349,"date":"2025-07-31T01:52:10","date_gmt":"2025-07-30T23:52:10","guid":{"rendered":"https:\/\/streetmarkets.fr\/app\/produit\/bracelet-dhyaan-aventurine\/"},"modified":"2026-04-30T01:49:50","modified_gmt":"2026-04-29T23:49:50","slug":"bracelet-dhyaan-aventurine","status":"publish","type":"product","link":"https:\/\/streetmarkets.fr\/app\/produit\/bracelet-dhyaan-aventurine\/","title":{"rendered":"Bracelet &#8211; Dhyaan Aventurine"},"content":{"rendered":"<p>Le bracelet Dhyaan Aventurine est une invitation \u00e0 l\u2019\u00e9quilibre et \u00e0 la s\u00e9r\u00e9nit\u00e9.\u00a0<span>Plongez dans un univers de s\u00e9r\u00e9nit\u00e9 et de guidance int\u00e9rieure avec notre bracelet compos\u00e9 d\u2019aventurines, de pierres de lune arc-en-ciel, de topazes roses et d\u2019am\u00e9thystes.\u00a0<\/span><\/p>\n<p>Port\u00e9 au quotidien, ce bracelet devient un talisman discret, alliant style et sens<\/p>\n","protected":false},"excerpt":{"rendered":"<p>Le bracelet Dhyaan Aventurine est une invitation \u00e0 l\u2019\u00e9quilibre et \u00e0 la s\u00e9r\u00e9nit\u00e9.\u00a0Plongez dans un univers de s\u00e9r\u00e9nit\u00e9 et de guidance int\u00e9rieure avec notre bracelet compos\u00e9 d\u2019aventurines, de pierres de lune arc-en-ciel, de topazes roses et d\u2019am\u00e9thystes.\u00a0 Port\u00e9 au quotidien, ce bracelet devient un talisman discret, alliant style et sens<\/p>\n","protected":false},"featured_media":2360350,"comment_status":"open","ping_status":"closed","template":"","meta":[],"product_brand":[],"product_cat":[1807,1756],"product_tag":[2244],"acf":[],"_links":{"self":[{"href":"https:\/\/streetmarkets.fr\/app\/wp-json\/wp\/v2\/product\/2360349"}],"collection":[{"href":"https:\/\/streetmarkets.fr\/app\/wp-json\/wp\/v2\/product"}],"about":[{"href":"https:\/\/streetmarkets.fr\/app\/wp-json\/wp\/v2\/types\/product"}],"replies":[{"embeddable":true,"href":"https:\/\/streetmarkets.fr\/app\/wp-json\/wp\/v2\/comments?post=2360349"}],"wp:featuredmedia":[{"embeddable":true,"href":"https:\/\/streetmarkets.fr\/app\/wp-json\/wp\/v2\/media\/2360350"}],"wp:attachment":[{"href":"https:\/\/streetmarkets.fr\/app\/wp-json\/wp\/v2\/media?parent=2360349"}],"wp:term":[{"taxonomy":"product_brand","embeddable":true,"href":"https:\/\/streetmarkets.fr\/app\/wp-json\/wp\/v2\/product_brand?post=2360349"},{"taxonomy":"product_cat","embeddable":true,"href":"https:\/\/streetmarkets.fr\/app\/wp-json\/wp\/v2\/product_cat?post=2360349"},{"taxonomy":"product_tag","embeddable":true,"href":"https:\/\/streetmarkets.fr\/app\/wp-json\/wp\/v2\/product_tag?post=2360349"}],"curies":[{"name":"wp","href":"https:\/\/api.w.org\/{rel}","templated":true}]}}