{"id":2359620,"date":"2025-07-31T00:43:36","date_gmt":"2025-07-30T22:43:36","guid":{"rendered":"https:\/\/streetmarkets.fr\/app\/produit\/pornichet-pantalon-authentique-du-marin-breton-en-coton-bio\/"},"modified":"2026-05-09T00:42:30","modified_gmt":"2026-05-08T22:42:30","slug":"pornichet-pantalon-authentique-du-marin-breton-en-coton-bio","status":"publish","type":"product","link":"https:\/\/streetmarkets.fr\/app\/produit\/pornichet-pantalon-authentique-du-marin-breton-en-coton-bio\/","title":{"rendered":"Pornichet, Le vrai pantalon du marin breton en coton bio"},"content":{"rendered":"<p>Pantalon authentique des marins p\u00eacheurs de Quimper depuis 1928. Le Pantalon Pornichet est en toile Bio tr\u00e8s r\u00e9sistante d\u00e9clin\u00e9e en de multiples couleurs<\/p>\n<p style=\"text-align:justify\">Pornichet, L&#8217;authentique pantalon marin de la Maison Le Glazik fabriqu\u00e9 depuis 1928 dans la toile iconique de Le Glazik en Coton Bio.<\/p>\n<p style=\"text-align:justify\">Fait pour durer gr\u00e2ce \u00e0 la haute qualit\u00e9 de sa fabrication et de ses mati\u00e8res premi\u00e8res, il est disponible dans de nombreux coloris exclusives \u00e0 la marque et qui poss\u00e8dent leurs propre histoire.<\/p>\n<p style=\"text-align:justify\">D\u00e9couvrez le l\u00e9gendaire Pantalon Marin Homme Pornichet en toile biologique de la Maison Le Glazik.<\/p>\n<p style=\"text-align:justify\">Depuis sa cr\u00e9ation par Pierre Guichard en 1928, ce mod\u00e8le a habill\u00e9 de nombreux marins p\u00eacheurs de Quimper, de Bretagne et d&#8217;ailleurs. Fabriqu\u00e9 \u00e0 partir de coton biologique depuis plus de 30 ans, cette marque est une v\u00e9ritable pionni\u00e8re sur le march\u00e9 de la mode responsable.<\/p>\n<p style=\"text-align:justify\">Ce pantalon en toile arbore une coupe droite, des poches italiennes et une poche arri\u00e8re avec un rabat et un bouton en cuivre (id\u00e9al pour s\u00e9curiser vos effets personnels). Sa taille \u00e9lastiqu\u00e9e assure un confort optimal et s&#8217;adapte parfaitement \u00e0 votre morphologie, m\u00eame sans ceinture. Dot\u00e9 d&#8217;une fermeture \u00e0 glissi\u00e8re r\u00e9sistante et d&#8217;un bouton estampill\u00e9 Le Glazik en cuivre pour une finition styl\u00e9e.<\/p>\n<p style=\"text-align:justify\">Si vous pr\u00e9f\u00e9rez un mod\u00e8le \u00e9quivalent sans taille \u00e9lastiqu\u00e9e, optez pour le pantalon Pornic chez Le Glazik. Pour une taille \u00e9lastiqu\u00e9e et des bas de jambe effil\u00e9s, choisissez le pantalon Ponant.<\/p>\n<p style=\"text-align:justify\">Ne manquez pas l&#8217;occasion de porter ce pantalon embl\u00e9matique qui allie qualit\u00e9, confort et respect de l&#8217;environnement par sa durabilit\u00e9.<\/p>\n<p style=\"text-align:justify\">Largeur de bas de jambe : environ 23cm<\/p>\n<\/p>\n<h3>Composition<\/h3>\n<p>100% coton biologique (tissu made in France). <br \/>Tissu de stabilit\u00e9 dimensionnelle absolue au lavage par proc\u00e9d\u00e9 SANFOR\u00ae<\/p>\n<h3><\/h3>\n<p>A laver de pr\u00e9f\u00e9rence sur l&#8217;envers.<\/p>\n<div class=\"ligne\">\n<div class=\"legende\"><\/div>\n<\/div>\n","protected":false},"excerpt":{"rendered":"<p>Pantalon authentique des marins p\u00eacheurs de Quimper depuis 1928. Le Pantalon Pornichet est en toile Bio tr\u00e8s r\u00e9sistante d\u00e9clin\u00e9e en de multiples couleurs Pornichet, L&#8217;authentique pantalon marin de la Maison Le Glazik fabriqu\u00e9 depuis 1928 dans la toile iconique de Le Glazik en Coton Bio. Fait pour durer gr\u00e2ce \u00e0 la haute qualit\u00e9 de sa [&hellip;]<\/p>\n","protected":false},"featured_media":2359621,"comment_status":"open","ping_status":"closed","template":"","meta":[],"product_brand":[],"product_cat":[1756,1758],"product_tag":[1810,1813],"acf":[],"_links":{"self":[{"href":"https:\/\/streetmarkets.fr\/app\/wp-json\/wp\/v2\/product\/2359620"}],"collection":[{"href":"https:\/\/streetmarkets.fr\/app\/wp-json\/wp\/v2\/product"}],"about":[{"href":"https:\/\/streetmarkets.fr\/app\/wp-json\/wp\/v2\/types\/product"}],"replies":[{"embeddable":true,"href":"https:\/\/streetmarkets.fr\/app\/wp-json\/wp\/v2\/comments?post=2359620"}],"wp:featuredmedia":[{"embeddable":true,"href":"https:\/\/streetmarkets.fr\/app\/wp-json\/wp\/v2\/media\/2359621"}],"wp:attachment":[{"href":"https:\/\/streetmarkets.fr\/app\/wp-json\/wp\/v2\/media?parent=2359620"}],"wp:term":[{"taxonomy":"product_brand","embeddable":true,"href":"https:\/\/streetmarkets.fr\/app\/wp-json\/wp\/v2\/product_brand?post=2359620"},{"taxonomy":"product_cat","embeddable":true,"href":"https:\/\/streetmarkets.fr\/app\/wp-json\/wp\/v2\/product_cat?post=2359620"},{"taxonomy":"product_tag","embeddable":true,"href":"https:\/\/streetmarkets.fr\/app\/wp-json\/wp\/v2\/product_tag?post=2359620"}],"curies":[{"name":"wp","href":"https:\/\/api.w.org\/{rel}","templated":true}]}}