{"id":2353618,"date":"2025-07-30T02:07:14","date_gmt":"2025-07-30T00:07:14","guid":{"rendered":"https:\/\/streetmarkets.fr\/app\/produit\/nouveau-masscob-pull-laffon-nude\/"},"modified":"2026-05-06T01:59:36","modified_gmt":"2026-05-05T23:59:36","slug":"nouveau-masscob-pull-laffon-nude","status":"publish","type":"product","link":"https:\/\/streetmarkets.fr\/app\/produit\/nouveau-masscob-pull-laffon-nude\/","title":{"rendered":"MASSCOB Pull Laffon Nude -50%"},"content":{"rendered":"<p data-rte-preserve-empty=\"true\">Pull en laine et soie, coupe ample et droite, encolure arrondie, manches longues et poignets resserr\u00e9s. \u00c9galement disponible dans la couleur Bloody Mary. <\/p>\n<p data-rte-preserve-empty=\"true\">D\u00e9tail : 72% laine superkid mohair, 28% soie <\/p>\n","protected":false},"excerpt":{"rendered":"<p>Pull en laine et soie, coupe ample et droite, encolure arrondie, manches longues et poignets resserr\u00e9s. \u00c9galement disponible dans la couleur Bloody Mary. D\u00e9tail : 72% laine superkid mohair, 28% soie<\/p>\n","protected":false},"featured_media":2353619,"comment_status":"open","ping_status":"closed","template":"","meta":[],"product_brand":[],"product_cat":[1756,1762],"product_tag":[2244],"acf":[],"_links":{"self":[{"href":"https:\/\/streetmarkets.fr\/app\/wp-json\/wp\/v2\/product\/2353618"}],"collection":[{"href":"https:\/\/streetmarkets.fr\/app\/wp-json\/wp\/v2\/product"}],"about":[{"href":"https:\/\/streetmarkets.fr\/app\/wp-json\/wp\/v2\/types\/product"}],"replies":[{"embeddable":true,"href":"https:\/\/streetmarkets.fr\/app\/wp-json\/wp\/v2\/comments?post=2353618"}],"wp:featuredmedia":[{"embeddable":true,"href":"https:\/\/streetmarkets.fr\/app\/wp-json\/wp\/v2\/media\/2353619"}],"wp:attachment":[{"href":"https:\/\/streetmarkets.fr\/app\/wp-json\/wp\/v2\/media?parent=2353618"}],"wp:term":[{"taxonomy":"product_brand","embeddable":true,"href":"https:\/\/streetmarkets.fr\/app\/wp-json\/wp\/v2\/product_brand?post=2353618"},{"taxonomy":"product_cat","embeddable":true,"href":"https:\/\/streetmarkets.fr\/app\/wp-json\/wp\/v2\/product_cat?post=2353618"},{"taxonomy":"product_tag","embeddable":true,"href":"https:\/\/streetmarkets.fr\/app\/wp-json\/wp\/v2\/product_tag?post=2353618"}],"curies":[{"name":"wp","href":"https:\/\/api.w.org\/{rel}","templated":true}]}}