{"id":2353611,"date":"2025-07-30T02:07:13","date_gmt":"2025-07-30T00:07:13","guid":{"rendered":"https:\/\/streetmarkets.fr\/app\/produit\/nouveau-masscob-pull-troncoso-yuca\/"},"modified":"2026-03-28T01:04:14","modified_gmt":"2026-03-28T00:04:14","slug":"nouveau-masscob-pull-troncoso-yuca","status":"publish","type":"product","link":"https:\/\/streetmarkets.fr\/app\/produit\/nouveau-masscob-pull-troncoso-yuca\/","title":{"rendered":"MASSCOB Pull Troncoso Yuca -30%"},"content":{"rendered":"<p data-rte-preserve-empty=\"true\">Pull coupe ample, d\u00e9collet\u00e9 en v, manches longues et poignets resserr\u00e9s, emmanchure large. \u00c9galement disponible dans la couleur Rose Ballet.<\/p>\n<p data-rte-preserve-empty=\"true\">D\u00e9tail : 45% fibre polyacrylique, 45% laine alpaga surperfine, 15% laine merino<\/p>\n","protected":false},"excerpt":{"rendered":"<p>Pull coupe ample, d\u00e9collet\u00e9 en v, manches longues et poignets resserr\u00e9s, emmanchure large. \u00c9galement disponible dans la couleur Rose Ballet. D\u00e9tail : 45% fibre polyacrylique, 45% laine alpaga surperfine, 15% laine merino<\/p>\n","protected":false},"featured_media":2353612,"comment_status":"open","ping_status":"closed","template":"","meta":[],"product_brand":[],"product_cat":[1756,1762],"product_tag":[2244],"acf":[],"_links":{"self":[{"href":"https:\/\/streetmarkets.fr\/app\/wp-json\/wp\/v2\/product\/2353611"}],"collection":[{"href":"https:\/\/streetmarkets.fr\/app\/wp-json\/wp\/v2\/product"}],"about":[{"href":"https:\/\/streetmarkets.fr\/app\/wp-json\/wp\/v2\/types\/product"}],"replies":[{"embeddable":true,"href":"https:\/\/streetmarkets.fr\/app\/wp-json\/wp\/v2\/comments?post=2353611"}],"wp:featuredmedia":[{"embeddable":true,"href":"https:\/\/streetmarkets.fr\/app\/wp-json\/wp\/v2\/media\/2353612"}],"wp:attachment":[{"href":"https:\/\/streetmarkets.fr\/app\/wp-json\/wp\/v2\/media?parent=2353611"}],"wp:term":[{"taxonomy":"product_brand","embeddable":true,"href":"https:\/\/streetmarkets.fr\/app\/wp-json\/wp\/v2\/product_brand?post=2353611"},{"taxonomy":"product_cat","embeddable":true,"href":"https:\/\/streetmarkets.fr\/app\/wp-json\/wp\/v2\/product_cat?post=2353611"},{"taxonomy":"product_tag","embeddable":true,"href":"https:\/\/streetmarkets.fr\/app\/wp-json\/wp\/v2\/product_tag?post=2353611"}],"curies":[{"name":"wp","href":"https:\/\/api.w.org\/{rel}","templated":true}]}}