{"id":2353580,"date":"2025-07-30T02:06:40","date_gmt":"2025-07-30T00:06:40","guid":{"rendered":"https:\/\/streetmarkets.fr\/app\/produit\/nouveau-masscob-gilet-isadora-rose-nude\/"},"modified":"2026-05-04T02:00:47","modified_gmt":"2026-05-04T00:00:47","slug":"nouveau-masscob-gilet-isadora-rose-nude","status":"publish","type":"product","link":"https:\/\/streetmarkets.fr\/app\/produit\/nouveau-masscob-gilet-isadora-rose-nude\/","title":{"rendered":"MASSCOB Gilet Isadora Rose Nude -50%"},"content":{"rendered":"<p data-rte-preserve-empty=\"true\">Gilet boutonn\u00e9 en laine et soie, coupe ample, manches longues, poignets resserr\u00e9s et emmanchure large. Tout doux et chaud. \u00c9galement disponible dans deux autres couleurs, Plum et Bloody Mary.<\/p>\n<p data-rte-preserve-empty=\"true\">D\u00e9tail : 72% laine superkid mohair, 28% soie<\/p>\n","protected":false},"excerpt":{"rendered":"<p>Gilet boutonn\u00e9 en laine et soie, coupe ample, manches longues, poignets resserr\u00e9s et emmanchure large. Tout doux et chaud. \u00c9galement disponible dans deux autres couleurs, Plum et Bloody Mary. D\u00e9tail : 72% laine superkid mohair, 28% soie<\/p>\n","protected":false},"featured_media":2353581,"comment_status":"open","ping_status":"closed","template":"","meta":[],"product_brand":[],"product_cat":[1756,1762],"product_tag":[2244],"acf":[],"_links":{"self":[{"href":"https:\/\/streetmarkets.fr\/app\/wp-json\/wp\/v2\/product\/2353580"}],"collection":[{"href":"https:\/\/streetmarkets.fr\/app\/wp-json\/wp\/v2\/product"}],"about":[{"href":"https:\/\/streetmarkets.fr\/app\/wp-json\/wp\/v2\/types\/product"}],"replies":[{"embeddable":true,"href":"https:\/\/streetmarkets.fr\/app\/wp-json\/wp\/v2\/comments?post=2353580"}],"wp:featuredmedia":[{"embeddable":true,"href":"https:\/\/streetmarkets.fr\/app\/wp-json\/wp\/v2\/media\/2353581"}],"wp:attachment":[{"href":"https:\/\/streetmarkets.fr\/app\/wp-json\/wp\/v2\/media?parent=2353580"}],"wp:term":[{"taxonomy":"product_brand","embeddable":true,"href":"https:\/\/streetmarkets.fr\/app\/wp-json\/wp\/v2\/product_brand?post=2353580"},{"taxonomy":"product_cat","embeddable":true,"href":"https:\/\/streetmarkets.fr\/app\/wp-json\/wp\/v2\/product_cat?post=2353580"},{"taxonomy":"product_tag","embeddable":true,"href":"https:\/\/streetmarkets.fr\/app\/wp-json\/wp\/v2\/product_tag?post=2353580"}],"curies":[{"name":"wp","href":"https:\/\/api.w.org\/{rel}","templated":true}]}}