{"id":2353561,"date":"2025-07-30T02:06:37","date_gmt":"2025-07-30T00:06:37","guid":{"rendered":"https:\/\/streetmarkets.fr\/app\/produit\/nouveau-masscob-blouse-viola-blue\/"},"modified":"2026-02-18T01:02:50","modified_gmt":"2026-02-18T00:02:50","slug":"nouveau-masscob-blouse-viola-blue","status":"publish","type":"product","link":"https:\/\/streetmarkets.fr\/app\/produit\/nouveau-masscob-blouse-viola-blue\/","title":{"rendered":"MASSCOB Blouse Viola Blue -40%"},"content":{"rendered":"<p data-rte-preserve-empty=\"true\">Blouse l\u00e9g\u00e8re \u00e0 carreaux en coton, coupe ample, manches longues et poignets resserr\u00e9es, emmanchure large. Boutonn\u00e9e sur toute la hauteur, pliss\u00e9 devant et dos. <\/p>\n<p data-rte-preserve-empty=\"true\">D\u00e9tail : 100% coton<\/p>\n","protected":false},"excerpt":{"rendered":"<p>Blouse l\u00e9g\u00e8re \u00e0 carreaux en coton, coupe ample, manches longues et poignets resserr\u00e9es, emmanchure large. Boutonn\u00e9e sur toute la hauteur, pliss\u00e9 devant et dos. D\u00e9tail : 100% coton<\/p>\n","protected":false},"featured_media":2353562,"comment_status":"open","ping_status":"closed","template":"","meta":[],"product_brand":[],"product_cat":[1756,1762],"product_tag":[2244],"acf":[],"_links":{"self":[{"href":"https:\/\/streetmarkets.fr\/app\/wp-json\/wp\/v2\/product\/2353561"}],"collection":[{"href":"https:\/\/streetmarkets.fr\/app\/wp-json\/wp\/v2\/product"}],"about":[{"href":"https:\/\/streetmarkets.fr\/app\/wp-json\/wp\/v2\/types\/product"}],"replies":[{"embeddable":true,"href":"https:\/\/streetmarkets.fr\/app\/wp-json\/wp\/v2\/comments?post=2353561"}],"wp:featuredmedia":[{"embeddable":true,"href":"https:\/\/streetmarkets.fr\/app\/wp-json\/wp\/v2\/media\/2353562"}],"wp:attachment":[{"href":"https:\/\/streetmarkets.fr\/app\/wp-json\/wp\/v2\/media?parent=2353561"}],"wp:term":[{"taxonomy":"product_brand","embeddable":true,"href":"https:\/\/streetmarkets.fr\/app\/wp-json\/wp\/v2\/product_brand?post=2353561"},{"taxonomy":"product_cat","embeddable":true,"href":"https:\/\/streetmarkets.fr\/app\/wp-json\/wp\/v2\/product_cat?post=2353561"},{"taxonomy":"product_tag","embeddable":true,"href":"https:\/\/streetmarkets.fr\/app\/wp-json\/wp\/v2\/product_tag?post=2353561"}],"curies":[{"name":"wp","href":"https:\/\/api.w.org\/{rel}","templated":true}]}}