{"id":2353544,"date":"2025-07-30T02:06:34","date_gmt":"2025-07-30T00:06:34","guid":{"rendered":"https:\/\/streetmarkets.fr\/app\/produit\/nouveau-masscob-pantalon-nayan-camomille-precommande\/"},"modified":"2025-09-17T02:09:07","modified_gmt":"2025-09-17T00:09:07","slug":"nouveau-masscob-pantalon-nayan-camomille-precommande","status":"publish","type":"product","link":"https:\/\/streetmarkets.fr\/app\/produit\/nouveau-masscob-pantalon-nayan-camomille-precommande\/","title":{"rendered":"Nouveau ! MASSCOB Pantalon Nayan Camomille PR\u00c9COMMANDE !"},"content":{"rendered":"<p data-rte-preserve-empty=\"true\">PR\u00c9COMMANDE ! LIVRAISON COURANT SEPTEMBRE. <\/p>\n<p data-rte-preserve-empty=\"true\">\n<p data-rte-preserve-empty=\"true\">Pantalon effet velours souple et doux, coupe taille haute, jambe flare et pinces, deux poches devant et dos. <\/p>\n<p data-rte-preserve-empty=\"true\">Sur la photo le mod\u00e8le est port\u00e9 avec la chemise Serra Camomille.<\/p>\n<p data-rte-preserve-empty=\"true\">\n<p data-rte-preserve-empty=\"true\">D\u00e9tail : 51% viscose, 48% coton, 1% \u00e9lasthanne<\/p>\n","protected":false},"excerpt":{"rendered":"<p>PR\u00c9COMMANDE ! LIVRAISON COURANT SEPTEMBRE. Pantalon effet velours souple et doux, coupe taille haute, jambe flare et pinces, deux poches devant et dos. Sur la photo le mod\u00e8le est port\u00e9 avec la chemise Serra Camomille. D\u00e9tail : 51% viscose, 48% coton, 1% \u00e9lasthanne<\/p>\n","protected":false},"featured_media":2353545,"comment_status":"open","ping_status":"closed","template":"","meta":[],"product_brand":[],"product_cat":[1756,1762],"product_tag":[2244],"acf":[],"_links":{"self":[{"href":"https:\/\/streetmarkets.fr\/app\/wp-json\/wp\/v2\/product\/2353544"}],"collection":[{"href":"https:\/\/streetmarkets.fr\/app\/wp-json\/wp\/v2\/product"}],"about":[{"href":"https:\/\/streetmarkets.fr\/app\/wp-json\/wp\/v2\/types\/product"}],"replies":[{"embeddable":true,"href":"https:\/\/streetmarkets.fr\/app\/wp-json\/wp\/v2\/comments?post=2353544"}],"wp:featuredmedia":[{"embeddable":true,"href":"https:\/\/streetmarkets.fr\/app\/wp-json\/wp\/v2\/media\/2353545"}],"wp:attachment":[{"href":"https:\/\/streetmarkets.fr\/app\/wp-json\/wp\/v2\/media?parent=2353544"}],"wp:term":[{"taxonomy":"product_brand","embeddable":true,"href":"https:\/\/streetmarkets.fr\/app\/wp-json\/wp\/v2\/product_brand?post=2353544"},{"taxonomy":"product_cat","embeddable":true,"href":"https:\/\/streetmarkets.fr\/app\/wp-json\/wp\/v2\/product_cat?post=2353544"},{"taxonomy":"product_tag","embeddable":true,"href":"https:\/\/streetmarkets.fr\/app\/wp-json\/wp\/v2\/product_tag?post=2353544"}],"curies":[{"name":"wp","href":"https:\/\/api.w.org\/{rel}","templated":true}]}}