{"id":2353526,"date":"2025-07-30T02:06:31","date_gmt":"2025-07-30T00:06:31","guid":{"rendered":"https:\/\/streetmarkets.fr\/app\/produit\/nouveau-masscob-robe-clara-night-bleu-marine\/"},"modified":"2026-05-09T01:59:41","modified_gmt":"2026-05-08T23:59:41","slug":"nouveau-masscob-robe-clara-night-bleu-marine","status":"publish","type":"product","link":"https:\/\/streetmarkets.fr\/app\/produit\/nouveau-masscob-robe-clara-night-bleu-marine\/","title":{"rendered":"MASSCOB Robe Clara Night Bleu Marine -50%"},"content":{"rendered":"<p data-rte-preserve-empty=\"true\">Robe longue en soie \u00e0 motif floral, boutonn\u00e9e sur toute la hauteur, coupe ample, et lavali\u00e8re amovible. Manches longues et poignets resserr\u00e9s, emmanchure large, deux poches lat\u00e9rales. \u00c9galement disponible dans la couleur Beige. Le mod\u00e8le taille grand et se porte grand.<\/p>\n<p data-rte-preserve-empty=\"true\">D\u00e9tail : 100% soie<\/p>\n","protected":false},"excerpt":{"rendered":"<p>Robe longue en soie \u00e0 motif floral, boutonn\u00e9e sur toute la hauteur, coupe ample, et lavali\u00e8re amovible. Manches longues et poignets resserr\u00e9s, emmanchure large, deux poches lat\u00e9rales. \u00c9galement disponible dans la couleur Beige. Le mod\u00e8le taille grand et se porte grand. D\u00e9tail : 100% soie<\/p>\n","protected":false},"featured_media":2353527,"comment_status":"open","ping_status":"closed","template":"","meta":[],"product_brand":[],"product_cat":[1756,1762],"product_tag":[2244],"acf":[],"_links":{"self":[{"href":"https:\/\/streetmarkets.fr\/app\/wp-json\/wp\/v2\/product\/2353526"}],"collection":[{"href":"https:\/\/streetmarkets.fr\/app\/wp-json\/wp\/v2\/product"}],"about":[{"href":"https:\/\/streetmarkets.fr\/app\/wp-json\/wp\/v2\/types\/product"}],"replies":[{"embeddable":true,"href":"https:\/\/streetmarkets.fr\/app\/wp-json\/wp\/v2\/comments?post=2353526"}],"wp:featuredmedia":[{"embeddable":true,"href":"https:\/\/streetmarkets.fr\/app\/wp-json\/wp\/v2\/media\/2353527"}],"wp:attachment":[{"href":"https:\/\/streetmarkets.fr\/app\/wp-json\/wp\/v2\/media?parent=2353526"}],"wp:term":[{"taxonomy":"product_brand","embeddable":true,"href":"https:\/\/streetmarkets.fr\/app\/wp-json\/wp\/v2\/product_brand?post=2353526"},{"taxonomy":"product_cat","embeddable":true,"href":"https:\/\/streetmarkets.fr\/app\/wp-json\/wp\/v2\/product_cat?post=2353526"},{"taxonomy":"product_tag","embeddable":true,"href":"https:\/\/streetmarkets.fr\/app\/wp-json\/wp\/v2\/product_tag?post=2353526"}],"curies":[{"name":"wp","href":"https:\/\/api.w.org\/{rel}","templated":true}]}}