{"id":2353518,"date":"2025-07-30T02:06:28","date_gmt":"2025-07-30T00:06:28","guid":{"rendered":"https:\/\/streetmarkets.fr\/app\/produit\/nouveau-masscob-veste-tracey-fog-precommande\/"},"modified":"2026-02-16T01:02:37","modified_gmt":"2026-02-16T00:02:37","slug":"nouveau-masscob-veste-tracey-fog-precommande","status":"publish","type":"product","link":"https:\/\/streetmarkets.fr\/app\/produit\/nouveau-masscob-veste-tracey-fog-precommande\/","title":{"rendered":"MASSCOB Veste Tracey Fog -40%"},"content":{"rendered":"<p data-rte-preserve-empty=\"true\">Veste coupe vent, coupe ample, zipp\u00e9e, manches longues et poignets resserr\u00e9s, emmanchure large. Deux poches devant, liens coulissants de resserage. R\u00e9sistant a la pluie. Le mod\u00e8le taille grand et se porte grand. <\/p>\n<p data-rte-preserve-empty=\"true\">Sur la photo la veste est port\u00e9e avec la robe Clara Beige.<\/p>\n<p data-rte-preserve-empty=\"true\">D\u00e9tail : 75% polyamide recycl\u00e9, 25% coton, tissu d\u00e9p\u00e9rlant ( anti pluie ).<\/p>\n","protected":false},"excerpt":{"rendered":"<p>Veste coupe vent, coupe ample, zipp\u00e9e, manches longues et poignets resserr\u00e9s, emmanchure large. Deux poches devant, liens coulissants de resserage. R\u00e9sistant a la pluie. Le mod\u00e8le taille grand et se porte grand. Sur la photo la veste est port\u00e9e avec la robe Clara Beige. D\u00e9tail : 75% polyamide recycl\u00e9, 25% coton, tissu d\u00e9p\u00e9rlant ( anti [&hellip;]<\/p>\n","protected":false},"featured_media":2353519,"comment_status":"open","ping_status":"closed","template":"","meta":[],"product_brand":[],"product_cat":[1756,1762],"product_tag":[2244],"acf":[],"_links":{"self":[{"href":"https:\/\/streetmarkets.fr\/app\/wp-json\/wp\/v2\/product\/2353518"}],"collection":[{"href":"https:\/\/streetmarkets.fr\/app\/wp-json\/wp\/v2\/product"}],"about":[{"href":"https:\/\/streetmarkets.fr\/app\/wp-json\/wp\/v2\/types\/product"}],"replies":[{"embeddable":true,"href":"https:\/\/streetmarkets.fr\/app\/wp-json\/wp\/v2\/comments?post=2353518"}],"wp:featuredmedia":[{"embeddable":true,"href":"https:\/\/streetmarkets.fr\/app\/wp-json\/wp\/v2\/media\/2353519"}],"wp:attachment":[{"href":"https:\/\/streetmarkets.fr\/app\/wp-json\/wp\/v2\/media?parent=2353518"}],"wp:term":[{"taxonomy":"product_brand","embeddable":true,"href":"https:\/\/streetmarkets.fr\/app\/wp-json\/wp\/v2\/product_brand?post=2353518"},{"taxonomy":"product_cat","embeddable":true,"href":"https:\/\/streetmarkets.fr\/app\/wp-json\/wp\/v2\/product_cat?post=2353518"},{"taxonomy":"product_tag","embeddable":true,"href":"https:\/\/streetmarkets.fr\/app\/wp-json\/wp\/v2\/product_tag?post=2353518"}],"curies":[{"name":"wp","href":"https:\/\/api.w.org\/{rel}","templated":true}]}}