{"id":2331283,"date":"2025-07-27T01:29:29","date_gmt":"2025-07-26T23:29:29","guid":{"rendered":"https:\/\/streetmarkets.fr\/app\/produit\/caprice-paris-boucles-doreilles-narcisse\/"},"modified":"2025-12-14T00:29:19","modified_gmt":"2025-12-13T23:29:19","slug":"caprice-paris-boucles-doreilles-narcisse","status":"publish","type":"product","link":"https:\/\/streetmarkets.fr\/app\/produit\/caprice-paris-boucles-doreilles-narcisse\/","title":{"rendered":"Caprice Paris &#8211; Boucles d&#8217;oreilles Narcisse"},"content":{"rendered":"<h4>Des boucles d\u2019oreilles \u00e0 \u00e9toile avec des pendants larges en forme de c\u0153ur, au m\u00e9tal martel\u00e9 pour capter d\u00e9licatement la lumi\u00e8re. Un bijou cr\u00e9ateur statement qui ne manquera pas d\u2019attirer les regards !<\/h4>\n<p>\u2022 Acier inoxydable dor\u00e9 \u00e0 l\u2019or fin<br \/>\n\u2022 R\u00e9sistent \u00e0 l\u2019eau<br \/>\n\u2022 Ne changent pas de couleur, ne d\u00e9teignent pas sur la peau<br \/>\n\u2022 Hypoallerg\u00e9niques<br \/>\n\u2022 Longueur: 6.6cm, largeur: 4.4cm<br \/>\n\u2022 Finition: or brillant<\/p>\n","protected":false},"excerpt":{"rendered":"<p>Des boucles d\u2019oreilles \u00e0 \u00e9toile avec des pendants larges en forme de c\u0153ur, au m\u00e9tal martel\u00e9 pour capter d\u00e9licatement la lumi\u00e8re. Un bijou cr\u00e9ateur statement qui ne manquera pas d\u2019attirer les regards ! \u2022 Acier inoxydable dor\u00e9 \u00e0 l\u2019or fin \u2022 R\u00e9sistent \u00e0 l\u2019eau \u2022 Ne changent pas de couleur, ne d\u00e9teignent pas sur la [&hellip;]<\/p>\n","protected":false},"featured_media":2331284,"comment_status":"open","ping_status":"closed","template":"","meta":[],"product_brand":[],"product_cat":[1807,1756],"product_tag":[1810],"acf":[],"_links":{"self":[{"href":"https:\/\/streetmarkets.fr\/app\/wp-json\/wp\/v2\/product\/2331283"}],"collection":[{"href":"https:\/\/streetmarkets.fr\/app\/wp-json\/wp\/v2\/product"}],"about":[{"href":"https:\/\/streetmarkets.fr\/app\/wp-json\/wp\/v2\/types\/product"}],"replies":[{"embeddable":true,"href":"https:\/\/streetmarkets.fr\/app\/wp-json\/wp\/v2\/comments?post=2331283"}],"wp:featuredmedia":[{"embeddable":true,"href":"https:\/\/streetmarkets.fr\/app\/wp-json\/wp\/v2\/media\/2331284"}],"wp:attachment":[{"href":"https:\/\/streetmarkets.fr\/app\/wp-json\/wp\/v2\/media?parent=2331283"}],"wp:term":[{"taxonomy":"product_brand","embeddable":true,"href":"https:\/\/streetmarkets.fr\/app\/wp-json\/wp\/v2\/product_brand?post=2331283"},{"taxonomy":"product_cat","embeddable":true,"href":"https:\/\/streetmarkets.fr\/app\/wp-json\/wp\/v2\/product_cat?post=2331283"},{"taxonomy":"product_tag","embeddable":true,"href":"https:\/\/streetmarkets.fr\/app\/wp-json\/wp\/v2\/product_tag?post=2331283"}],"curies":[{"name":"wp","href":"https:\/\/api.w.org\/{rel}","templated":true}]}}