{"id":2331048,"date":"2025-07-27T01:16:20","date_gmt":"2025-07-26T23:16:20","guid":{"rendered":"https:\/\/streetmarkets.fr\/app\/produit\/sac-banane-xl-sofia\/"},"modified":"2025-11-24T00:17:26","modified_gmt":"2025-11-23T23:17:26","slug":"sac-banane-xl-sofia","status":"publish","type":"product","link":"https:\/\/streetmarkets.fr\/app\/produit\/sac-banane-xl-sofia\/","title":{"rendered":"Sac banane XL Sofia"},"content":{"rendered":"<p>Pens\u00e9e pour la vraie vie, cette banane au format XL accueille l\u2019essentiel\u2026 et plus encore. Son atout majeur : une grande capacit\u00e9 bien organis\u00e9e gr\u00e2ce \u00e0 des poches avant et arri\u00e8re pour s\u00e9parer les petits objets. La toile en coton bio GOTS, tr\u00e8s \u00e9paisse (500 g\/m\u00b2), tient la route au quotidien, et la fermeture \u00e9clair solide ne vous l\u00e2che pas.<br \/>\nPort\u00e9e \u00e0 la taille ou en crossbody, elle s\u2019ajuste en un geste. Dessin\u00e9e en France et fabriqu\u00e9e par l\u2019ONG indienne SSMI qui soutient l\u2019\u00e9mancipation des femmes et l\u2019\u00e9ducation des enfants, elle coche toutes les cases d\u2019un accessoire beau, pratique et engag\u00e9.<\/p>\n","protected":false},"excerpt":{"rendered":"<p>Pens\u00e9e pour la vraie vie, cette banane au format XL accueille l\u2019essentiel\u2026 et plus encore. Son atout majeur : une grande capacit\u00e9 bien organis\u00e9e gr\u00e2ce \u00e0 des poches avant et arri\u00e8re pour s\u00e9parer les petits objets. La toile en coton bio GOTS, tr\u00e8s \u00e9paisse (500 g\/m\u00b2), tient la route au quotidien, et la fermeture \u00e9clair [&hellip;]<\/p>\n","protected":false},"featured_media":2331049,"comment_status":"open","ping_status":"closed","template":"","meta":[],"product_brand":[7126],"product_cat":[1756,1764],"product_tag":[1810],"acf":[],"_links":{"self":[{"href":"https:\/\/streetmarkets.fr\/app\/wp-json\/wp\/v2\/product\/2331048"}],"collection":[{"href":"https:\/\/streetmarkets.fr\/app\/wp-json\/wp\/v2\/product"}],"about":[{"href":"https:\/\/streetmarkets.fr\/app\/wp-json\/wp\/v2\/types\/product"}],"replies":[{"embeddable":true,"href":"https:\/\/streetmarkets.fr\/app\/wp-json\/wp\/v2\/comments?post=2331048"}],"wp:featuredmedia":[{"embeddable":true,"href":"https:\/\/streetmarkets.fr\/app\/wp-json\/wp\/v2\/media\/2331049"}],"wp:attachment":[{"href":"https:\/\/streetmarkets.fr\/app\/wp-json\/wp\/v2\/media?parent=2331048"}],"wp:term":[{"taxonomy":"product_brand","embeddable":true,"href":"https:\/\/streetmarkets.fr\/app\/wp-json\/wp\/v2\/product_brand?post=2331048"},{"taxonomy":"product_cat","embeddable":true,"href":"https:\/\/streetmarkets.fr\/app\/wp-json\/wp\/v2\/product_cat?post=2331048"},{"taxonomy":"product_tag","embeddable":true,"href":"https:\/\/streetmarkets.fr\/app\/wp-json\/wp\/v2\/product_tag?post=2331048"}],"curies":[{"name":"wp","href":"https:\/\/api.w.org\/{rel}","templated":true}]}}