{"id":2330905,"date":"2025-07-27T00:59:00","date_gmt":"2025-07-26T22:59:00","guid":{"rendered":"https:\/\/streetmarkets.fr\/app\/produit\/bracelet-jonc-exception\/"},"modified":"2026-05-05T00:58:45","modified_gmt":"2026-05-04T22:58:45","slug":"bracelet-jonc-exception","status":"publish","type":"product","link":"https:\/\/streetmarkets.fr\/app\/produit\/bracelet-jonc-exception\/","title":{"rendered":"Bracelet Jonc Exception"},"content":{"rendered":"<p>Jonc Exception Labradorite : Reflets en mouvement..<br \/>Un jeu de lignes, d\u2019ondulations et de pierres qui dansent \u00e0 la lumi\u00e8re\u2026 Le jonc Exception est une manchette au design graphique et a\u00e9rien, o\u00f9 les fils dor\u00e9s s\u2019entrelacent pour accueillir des pierres semi-pr\u00e9cieuses facett\u00e9es. En son centre, une labradorite majestueuse, aux reflets changeants et profonds, capte tous les regards.<\/p>\n<p>Chaque d\u00e9tail compte : les pastilles dor\u00e9es, les pierres fines de chrysoprase et de labradorite, les lignes irr\u00e9guli\u00e8res qui se dessinent en motif libre et organique. Une cr\u00e9ation artisanale, faite \u00e0 la main \u00e0 Paris.<\/p>\n<p>Pourquoi on l\u2019aime ?<br data-start=\"1106\" data-end=\"1109\">Parce qu\u2019il habille le poignet sans en faire trop, et qu\u2019il allie pr\u00e9sence et finesse dans un bijou sculptural \u00e0 la pr\u00e9sence folle !<\/p>\n","protected":false},"excerpt":{"rendered":"<p>Jonc Exception Labradorite : Reflets en mouvement..Un jeu de lignes, d\u2019ondulations et de pierres qui dansent \u00e0 la lumi\u00e8re\u2026 Le jonc Exception est une manchette au design graphique et a\u00e9rien, o\u00f9 les fils dor\u00e9s s\u2019entrelacent pour accueillir des pierres semi-pr\u00e9cieuses facett\u00e9es. En son centre, une labradorite majestueuse, aux reflets changeants et profonds, capte tous les [&hellip;]<\/p>\n","protected":false},"featured_media":2330906,"comment_status":"open","ping_status":"closed","template":"","meta":[],"product_brand":[],"product_cat":[1807,1756],"product_tag":[1813],"acf":[],"_links":{"self":[{"href":"https:\/\/streetmarkets.fr\/app\/wp-json\/wp\/v2\/product\/2330905"}],"collection":[{"href":"https:\/\/streetmarkets.fr\/app\/wp-json\/wp\/v2\/product"}],"about":[{"href":"https:\/\/streetmarkets.fr\/app\/wp-json\/wp\/v2\/types\/product"}],"replies":[{"embeddable":true,"href":"https:\/\/streetmarkets.fr\/app\/wp-json\/wp\/v2\/comments?post=2330905"}],"wp:featuredmedia":[{"embeddable":true,"href":"https:\/\/streetmarkets.fr\/app\/wp-json\/wp\/v2\/media\/2330906"}],"wp:attachment":[{"href":"https:\/\/streetmarkets.fr\/app\/wp-json\/wp\/v2\/media?parent=2330905"}],"wp:term":[{"taxonomy":"product_brand","embeddable":true,"href":"https:\/\/streetmarkets.fr\/app\/wp-json\/wp\/v2\/product_brand?post=2330905"},{"taxonomy":"product_cat","embeddable":true,"href":"https:\/\/streetmarkets.fr\/app\/wp-json\/wp\/v2\/product_cat?post=2330905"},{"taxonomy":"product_tag","embeddable":true,"href":"https:\/\/streetmarkets.fr\/app\/wp-json\/wp\/v2\/product_tag?post=2330905"}],"curies":[{"name":"wp","href":"https:\/\/api.w.org\/{rel}","templated":true}]}}