{"id":2324710,"date":"2025-07-26T02:07:26","date_gmt":"2025-07-26T00:07:26","guid":{"rendered":"https:\/\/streetmarkets.fr\/app\/produit\/nouveau-laurence-bras-blouse-calumet-gold-stripes\/"},"modified":"2026-04-01T02:03:33","modified_gmt":"2026-04-01T00:03:33","slug":"nouveau-laurence-bras-blouse-calumet-gold-stripes","status":"publish","type":"product","link":"https:\/\/streetmarkets.fr\/app\/produit\/nouveau-laurence-bras-blouse-calumet-gold-stripes\/","title":{"rendered":"LAURENCE BRAS Blouse Calumet Gold Stripes -40%"},"content":{"rendered":"<p class=\"\" data-rte-preserve-empty=\"true\">Blouse ray\u00e9e en coton, coupe ample, boutonn\u00e9e sur toute la hauteur, encolure arrondie, manches longues et poignets resserr\u00e9s.<\/p>\n<p class=\"\" data-rte-preserve-empty=\"true\">D\u00e9tail : 100% coton<\/p>\n","protected":false},"excerpt":{"rendered":"<p>Blouse ray\u00e9e en coton, coupe ample, boutonn\u00e9e sur toute la hauteur, encolure arrondie, manches longues et poignets resserr\u00e9s. D\u00e9tail : 100% coton<\/p>\n","protected":false},"featured_media":2324711,"comment_status":"open","ping_status":"closed","template":"","meta":[],"product_brand":[],"product_cat":[1756,1762],"product_tag":[2244],"acf":[],"_links":{"self":[{"href":"https:\/\/streetmarkets.fr\/app\/wp-json\/wp\/v2\/product\/2324710"}],"collection":[{"href":"https:\/\/streetmarkets.fr\/app\/wp-json\/wp\/v2\/product"}],"about":[{"href":"https:\/\/streetmarkets.fr\/app\/wp-json\/wp\/v2\/types\/product"}],"replies":[{"embeddable":true,"href":"https:\/\/streetmarkets.fr\/app\/wp-json\/wp\/v2\/comments?post=2324710"}],"wp:featuredmedia":[{"embeddable":true,"href":"https:\/\/streetmarkets.fr\/app\/wp-json\/wp\/v2\/media\/2324711"}],"wp:attachment":[{"href":"https:\/\/streetmarkets.fr\/app\/wp-json\/wp\/v2\/media?parent=2324710"}],"wp:term":[{"taxonomy":"product_brand","embeddable":true,"href":"https:\/\/streetmarkets.fr\/app\/wp-json\/wp\/v2\/product_brand?post=2324710"},{"taxonomy":"product_cat","embeddable":true,"href":"https:\/\/streetmarkets.fr\/app\/wp-json\/wp\/v2\/product_cat?post=2324710"},{"taxonomy":"product_tag","embeddable":true,"href":"https:\/\/streetmarkets.fr\/app\/wp-json\/wp\/v2\/product_tag?post=2324710"}],"curies":[{"name":"wp","href":"https:\/\/api.w.org\/{rel}","templated":true}]}}