{"id":2324682,"date":"2025-07-26T02:07:20","date_gmt":"2025-07-26T00:07:20","guid":{"rendered":"https:\/\/streetmarkets.fr\/app\/produit\/nouveau-pomandere-pull-en-laine-bleu-marine\/"},"modified":"2026-03-18T01:02:45","modified_gmt":"2026-03-18T00:02:45","slug":"nouveau-pomandere-pull-en-laine-bleu-marine","status":"publish","type":"product","link":"https:\/\/streetmarkets.fr\/app\/produit\/nouveau-pomandere-pull-en-laine-bleu-marine\/","title":{"rendered":"POMAND\u00c8RE Pull en Laine Bleu Marine -40%"},"content":{"rendered":"<p data-rte-preserve-empty=\"true\">Pull en laine coupe ample, encolure arrondie, manches longues et poignets resserr\u00e9s, emmanchure large. Maille chaude, souple et \u00e9l\u00e9gante. \u00c9galement disponible dans la couleur Wine Red.<\/p>\n<p data-rte-preserve-empty=\"true\">D\u00e9tail : 90% laine, 10% cachemire <\/p>\n","protected":false},"excerpt":{"rendered":"<p>Pull en laine coupe ample, encolure arrondie, manches longues et poignets resserr\u00e9s, emmanchure large. Maille chaude, souple et \u00e9l\u00e9gante. \u00c9galement disponible dans la couleur Wine Red. D\u00e9tail : 90% laine, 10% cachemire<\/p>\n","protected":false},"featured_media":2324683,"comment_status":"open","ping_status":"closed","template":"","meta":[],"product_brand":[],"product_cat":[1756,1762],"product_tag":[2244],"acf":[],"_links":{"self":[{"href":"https:\/\/streetmarkets.fr\/app\/wp-json\/wp\/v2\/product\/2324682"}],"collection":[{"href":"https:\/\/streetmarkets.fr\/app\/wp-json\/wp\/v2\/product"}],"about":[{"href":"https:\/\/streetmarkets.fr\/app\/wp-json\/wp\/v2\/types\/product"}],"replies":[{"embeddable":true,"href":"https:\/\/streetmarkets.fr\/app\/wp-json\/wp\/v2\/comments?post=2324682"}],"wp:featuredmedia":[{"embeddable":true,"href":"https:\/\/streetmarkets.fr\/app\/wp-json\/wp\/v2\/media\/2324683"}],"wp:attachment":[{"href":"https:\/\/streetmarkets.fr\/app\/wp-json\/wp\/v2\/media?parent=2324682"}],"wp:term":[{"taxonomy":"product_brand","embeddable":true,"href":"https:\/\/streetmarkets.fr\/app\/wp-json\/wp\/v2\/product_brand?post=2324682"},{"taxonomy":"product_cat","embeddable":true,"href":"https:\/\/streetmarkets.fr\/app\/wp-json\/wp\/v2\/product_cat?post=2324682"},{"taxonomy":"product_tag","embeddable":true,"href":"https:\/\/streetmarkets.fr\/app\/wp-json\/wp\/v2\/product_tag?post=2324682"}],"curies":[{"name":"wp","href":"https:\/\/api.w.org\/{rel}","templated":true}]}}