{"id":2324660,"date":"2025-07-26T02:04:00","date_gmt":"2025-07-26T00:04:00","guid":{"rendered":"https:\/\/streetmarkets.fr\/app\/produit\/nouveau-laurence-bras-sac-delhi-gold\/"},"modified":"2026-04-01T02:03:33","modified_gmt":"2026-04-01T00:03:33","slug":"nouveau-laurence-bras-sac-delhi-gold","status":"publish","type":"product","link":"https:\/\/streetmarkets.fr\/app\/produit\/nouveau-laurence-bras-sac-delhi-gold\/","title":{"rendered":"LAURENCE BRAS Sac Delhi Gold"},"content":{"rendered":"<p class=\"\" data-rte-preserve-empty=\"true\">Large cabas en cuir souple, deux anses pour un port\u00e9 main ou \u00e9paule, bordures et poignets tress\u00e9es en cuir, une poche zipp\u00e9e \u00e0 l\u2019int\u00e9rieur, fermeture aimant\u00e9e et doublure en twill de coton. Ses dimensions : H34cm x L54cm x P20cm<\/p>\n<p class=\"\" data-rte-preserve-empty=\"true\">D\u00e9tail : 100% cuir v\u00e9ritable<\/p>\n","protected":false},"excerpt":{"rendered":"<p>Large cabas en cuir souple, deux anses pour un port\u00e9 main ou \u00e9paule, bordures et poignets tress\u00e9es en cuir, une poche zipp\u00e9e \u00e0 l\u2019int\u00e9rieur, fermeture aimant\u00e9e et doublure en twill de coton. Ses dimensions : H34cm x L54cm x P20cm D\u00e9tail : 100% cuir v\u00e9ritable<\/p>\n","protected":false},"featured_media":2324661,"comment_status":"open","ping_status":"closed","template":"","meta":[],"product_brand":[],"product_cat":[1756,1764],"product_tag":[2244],"acf":[],"_links":{"self":[{"href":"https:\/\/streetmarkets.fr\/app\/wp-json\/wp\/v2\/product\/2324660"}],"collection":[{"href":"https:\/\/streetmarkets.fr\/app\/wp-json\/wp\/v2\/product"}],"about":[{"href":"https:\/\/streetmarkets.fr\/app\/wp-json\/wp\/v2\/types\/product"}],"replies":[{"embeddable":true,"href":"https:\/\/streetmarkets.fr\/app\/wp-json\/wp\/v2\/comments?post=2324660"}],"wp:featuredmedia":[{"embeddable":true,"href":"https:\/\/streetmarkets.fr\/app\/wp-json\/wp\/v2\/media\/2324661"}],"wp:attachment":[{"href":"https:\/\/streetmarkets.fr\/app\/wp-json\/wp\/v2\/media?parent=2324660"}],"wp:term":[{"taxonomy":"product_brand","embeddable":true,"href":"https:\/\/streetmarkets.fr\/app\/wp-json\/wp\/v2\/product_brand?post=2324660"},{"taxonomy":"product_cat","embeddable":true,"href":"https:\/\/streetmarkets.fr\/app\/wp-json\/wp\/v2\/product_cat?post=2324660"},{"taxonomy":"product_tag","embeddable":true,"href":"https:\/\/streetmarkets.fr\/app\/wp-json\/wp\/v2\/product_tag?post=2324660"}],"curies":[{"name":"wp","href":"https:\/\/api.w.org\/{rel}","templated":true}]}}